{"id":57,"date":"2020-12-08T00:17:22","date_gmt":"2020-12-08T00:17:22","guid":{"rendered":"https:\/\/www.cubeatomizers.com\/product\/import-placeholder-for-4278\/"},"modified":"2021-02-02T00:33:53","modified_gmt":"2021-02-02T00:33:53","slug":"medical-line-1000-m3","status":"publish","type":"product","link":"https:\/\/www.cubeatomizers.com\/ro\/produs\/medical-line-1000-m3\/","title":{"rendered":"MEDICAL LINE"},"content":{"rendered":"<p class=\" translation-block\">CUBE S Medical Line este nebulizatorul perfect dedicat decontamin\u0103rii camerelor de spital \u0219i a sec\u021biilor de chirurgie de p\u00e2n\u0103 la 1000 de metri cubi.\nConstruit pe platforma nebulizatorului nostru de \u00eenalt\u0103 performan\u021b\u0103 CUBE S, Medical Line este cea mai sigur\u0103, eficient\u0103 \u0219i rapid\u0103 metod\u0103 de decontaminare.<\/p>\n<p><strong>Creat pentru domeniul medical<\/strong><\/p>\n<p>CUBE S Medical Line a fost dezvoltat special pentru domeniul medical, viz\u00e2nd nevoi specifice: sigur, rapid \u0219i fiabil.<\/p>\n<p><strong>Rapid<\/strong><\/p>\n<p>Opera\u021biunea se desf\u0103\u0219oar\u0103 \u00een condi\u021bii de siguran\u021b\u0103, f\u0103r\u0103 prezen\u021ba uman\u0103. CUBE S Medical Line dezinfecteaz\u0103 cu succes 100 de metri cubi \u00een mai pu\u021bin de 3 minute.<\/p>\n<p><strong>U\u0219or de folosit<\/strong><\/p>\n<p>CUBE S Medical Line este extrem de u\u0219or \u0219i intuitiv de utilizat. Are un singur buton pentru pornire\/ oprire \u0219i nu necesit\u0103 antrenament suplimentar.<\/p>\n<div class=\"youtube-movie\">\n<h4 class=\"about-us-title\">VEZI CUM FUNC\u021aIONEAZ\u0102<\/h4>\n<p><iframe loading=\"lazy\" src=\"https:\/\/www.youtube.com\/embed\/sKpwrBHviYM\" width=\"90%\" height=\"400\" frameborder=\"0\" allowfullscreen=\"allowfullscreen\"><\/iframe>\n<\/div>","protected":false},"excerpt":{"rendered":"<div class=\"download-new download-data\">\n<div class=\"download-brochure\">\n<div class=\"pdf-icon\">\n<img decoding=\"async\" src=\"https:\/\/www.cubeatomizers.com\/wp-content\/uploads\/2020\/09\/pdf-icon.png\"  alt=\"\" \/>\n<\/div>\n<div class=\"pdf-icon-wrapper\">\n<p><b>Vizualizeaz\u0103\/ Descarc\u0103 pliantul<\/b><\/p>\n<p><select onchange=\"this.options[this.selectedIndex].value &#038;&#038; (window.location = this.options[this.selectedIndex].value);\" class=\"button product_type_simple\"><option value=\"\">SELECTEAZA LIMBA<\/option><option value=\"https:\/\/www.cubeatomizers.com\/ENCubeSMedical.pdf\">English<\/option><option value=\"https:\/\/www.cubeatomizers.com\/ROCubeSMedical.pdf\">Rom\u00e2n\u0103<\/option><\/select>\n<\/div>\n<\/div>\n<\/div>","protected":false},"featured_media":146,"comment_status":"open","ping_status":"closed","template":"","meta":[],"_links":{"self":[{"href":"https:\/\/www.cubeatomizers.com\/ro\/wp-json\/wp\/v2\/product\/57"}],"collection":[{"href":"https:\/\/www.cubeatomizers.com\/ro\/wp-json\/wp\/v2\/product"}],"about":[{"href":"https:\/\/www.cubeatomizers.com\/ro\/wp-json\/wp\/v2\/types\/product"}],"replies":[{"embeddable":true,"href":"https:\/\/www.cubeatomizers.com\/ro\/wp-json\/wp\/v2\/comments?post=57"}],"wp:featuredmedia":[{"embeddable":true,"href":"https:\/\/www.cubeatomizers.com\/ro\/wp-json\/wp\/v2\/media\/146"}],"wp:attachment":[{"href":"https:\/\/www.cubeatomizers.com\/ro\/wp-json\/wp\/v2\/media?parent=57"}],"curies":[{"name":"wp","href":"https:\/\/api.w.org\/{rel}","templated":true}]}}