{"id":56,"date":"2020-12-08T00:17:22","date_gmt":"2020-12-08T00:17:22","guid":{"rendered":"https:\/\/www.cubeatomizers.com\/product\/import-placeholder-for-4261\/"},"modified":"2021-02-02T00:33:58","modified_gmt":"2021-02-02T00:33:58","slug":"aviation-line-500-m3","status":"publish","type":"product","link":"https:\/\/www.cubeatomizers.com\/ro\/produs\/aviation-line-500-m3\/","title":{"rendered":"AVIATION LINE"},"content":{"rendered":"<p class=\" translation-block\">CUBE S Aviation Line este primul nebulizator de dezinfec\u021bie dedicat decontamin\u0103rii oric\u0103rei aeronave.\nConstruit pe platforma nebulizatorului nostru de \u00eenalt\u0103 performan\u021b\u0103 CUBE S, Aviation Line este cea mai sigur\u0103, eficient\u0103 \u0219i rapid\u0103 metod\u0103 de decontaminare pentru orice aeronav\u0103 cu o suprafa\u021b\u0103 de p\u00e2n\u0103 la 500 m\u00b3.<\/p>\n<p><strong>Creat pentru industria aviatic\u0103<\/strong><\/p>\n<p>Linia de avia\u021bie CUBE S a fost dezvoltat\u0103 special pentru industria avia\u021biei viz\u00e2nd nevoi exacte: sigur, rapid \u0219i fiabil.<\/p>\n<p><strong>Rapid<\/strong><\/p>\n<p>Opera\u021biunea se desf\u0103\u0219oar\u0103 \u00een condi\u021bii de siguran\u021b\u0103, f\u0103r\u0103 prezen\u021ba uman\u0103. CUBE S Aviation Line dezinfecteaz\u0103 cu succes un Boeing 737 \u00een mai pu\u021bin de 20 de minute.<\/p>\n<p><strong>U\u0219or de folosit<\/strong><\/p>\n<p>CUBE S Aviation Line este extrem de u\u0219or \u0219i intuitiv de utilizat. Are un singur buton pentru pornire\/ oprire \u0219i nu necesit\u0103 antrenament suplimentar.<\/p>\n<div class=\"youtube-movie\">\n<h4 class=\"about-us-title\">VEZI CUM FUNC\u021aIONEAZ\u0102<\/h4>\n<p><iframe loading=\"lazy\" src=\"https:\/\/www.youtube.com\/embed\/sKpwrBHviYM\" width=\"90%\" height=\"400\" frameborder=\"0\" allowfullscreen=\"allowfullscreen\"><\/iframe>\n<\/div>","protected":false},"excerpt":{"rendered":"<div class=\"download-new download-data\">\n<div class=\"download-brochure\">\n<div class=\"pdf-icon\">\n<img decoding=\"async\" src=\"https:\/\/www.cubeatomizers.com\/wp-content\/uploads\/2020\/09\/pdf-icon.png\"  alt=\"\" \/>\n<\/div>\n<div class=\"pdf-icon-wrapper\">\n<p><b>Vizualizeaz\u0103\/ Descarc\u0103 pliantul<\/b><\/p>\n<p><select onchange=\"this.options[this.selectedIndex].value &#038;&#038; (window.location = this.options[this.selectedIndex].value);\" class=\"button product_type_simple\"><option value=\"\">SELECTEAZ\u0102 LIMBA<\/option><option value=\"https:\/\/www.cubeatomizers.com\/ENCubeSAviation.pdf\">English<\/option><option value=\"https:\/\/www.cubeatomizers.com\/ROCubeSAviation.pdf\">Rom\u00e2n\u0103<\/option><\/select>\n<\/div>\n<\/div>\n<\/div>","protected":false},"featured_media":140,"comment_status":"open","ping_status":"closed","template":"","meta":[],"_links":{"self":[{"href":"https:\/\/www.cubeatomizers.com\/ro\/wp-json\/wp\/v2\/product\/56"}],"collection":[{"href":"https:\/\/www.cubeatomizers.com\/ro\/wp-json\/wp\/v2\/product"}],"about":[{"href":"https:\/\/www.cubeatomizers.com\/ro\/wp-json\/wp\/v2\/types\/product"}],"replies":[{"embeddable":true,"href":"https:\/\/www.cubeatomizers.com\/ro\/wp-json\/wp\/v2\/comments?post=56"}],"wp:featuredmedia":[{"embeddable":true,"href":"https:\/\/www.cubeatomizers.com\/ro\/wp-json\/wp\/v2\/media\/140"}],"wp:attachment":[{"href":"https:\/\/www.cubeatomizers.com\/ro\/wp-json\/wp\/v2\/media?parent=56"}],"curies":[{"name":"wp","href":"https:\/\/api.w.org\/{rel}","templated":true}]}}