{"id":54,"date":"2020-12-08T00:17:22","date_gmt":"2020-12-08T00:17:22","guid":{"rendered":"https:\/\/www.cubeatomizers.com\/product\/import-placeholder-for-3501\/"},"modified":"2021-02-02T00:34:09","modified_gmt":"2021-02-02T00:34:09","slug":"ozone-box-45l","status":"publish","type":"product","link":"https:\/\/www.cubeatomizers.com\/ro\/produs\/ozone-box-45l\/","title":{"rendered":"OZONE BOX"},"content":{"rendered":"<p>CUBE Ozone Disinfection Box este conceput pentru decontaminarea tuturor obiectelor care \u00eencap \u00een cutie: telefoane, laptopuri, documente, chei, portofele, m\u0103\u0219ti refolosibile, juc\u0103rii, haine, pachete etc.<\/p>\n<p>O cutie pentru s\u0103n\u0103tatea tuturor celor dragi!<\/p>\n<p>CUBE Ozone Disinfection Box este eficient \u00eempotriva agen\u021bilor patogeni \u0219i alergenilor. Procesul de decontaminare folose\u0219te ozon, dovedit \u0219tiin\u021bific ca cel mai bun dezinfectant natural.<\/p>\n<div class=\"col-sm-4\">\n<p><strong>Decontaminarea cu ozon<\/strong><\/p>\n<p>CUBE Ozone Disinfection Box decontamineaz\u0103 toate obiectele pe care le folose\u0219ti zilnic. Cutia elimin\u0103 99,99% din to\u021bi agen\u021bii patogeni \u0219i alergeni cunoscu\u021bi, astfel \u00eenc\u00e2t dumneavoastr\u0103 \u0219i familia dumneavoastr\u0103 sunte\u021bi proteja\u021bi de boli infec\u021bioase \u0219i alergii.<\/p>\n<p><strong>Cost-eficient<\/strong><\/p>\n<p>Cutia folose\u0219te doar ozon, f\u0103r\u0103 alte consumabile. CUBE Ozone Disinfection Box este instrumentul ideal de decontaminare pentru obiectele pe care le \u00eemp\u0103r\u021bi\u021bi cu alte persoane acas\u0103 sau la birou. Procesul de decontaminare nu d\u0103uneaz\u0103 obiectelor.<\/p>\n<p><strong>Capacitate volum 45L<\/strong><\/p>\n<p>Cutia CUBE pentru dezinfectarea ozonului vine cu un volum de 45L. Pune\u021bi obiectele \u00een interior, seta\u021bi timpul de decontaminare \u0219i bucura\u021bi-v\u0103 de via\u021b\u0103 f\u0103r\u0103 riscuri pentru s\u0103n\u0103tate!<\/p>\n<\/div>\n<p>&nbsp;<\/p>\n<p>&nbsp;<\/p>\n<p>&nbsp;<\/p>\n<div class=\"col-sm-8\">\n<div class=\"youtube-movie\">\n<h4 class=\"about-us-title\">VEZI CUM FUNC\u021aIONEAZ\u0102<\/h4>\n<p><iframe loading=\"lazy\" src=\"https:\/\/www.youtube.com\/embed\/sKpwrBHviYM\" width=\"90%\" height=\"400\" frameborder=\"0\" allowfullscreen=\"allowfullscreen\"><\/iframe><\/p>\n<\/div>\n<\/div>","protected":false},"excerpt":{"rendered":"<div class=\"download-new download-data\">\n<div class=\"download-brochure\">\n<div class=\"pdf-icon\">\n<img decoding=\"async\" src=\"https:\/\/www.cubeatomizers.com\/wp-content\/uploads\/2020\/09\/pdf-icon.png\"  alt=\"\" \/>\n<\/div>\n<div class=\"pdf-icon-wrapper\">\n<p><b>Vizualizeaz\u0103\/ Descarc\u0103 pliantul<\/b><\/p>\n<p><select onchange=\"this.options[this.selectedIndex].value &#038;&#038; (window.location = this.options[this.selectedIndex].value);\" class=\"button product_type_simple\"><option value=\"\">SELECTEAZA LIMBA<\/option><option value=\"https:\/\/www.cubeatomizers.com\/DECubeODB.pdf\">Deutsche<\/option><option value=\"https:\/\/www.cubeatomizers.com\/ENCubeODB.pdf\">English<\/option><option value=\"https:\/\/www.cubeatomizers.com\/ROCubeODB.pdf\">Rom\u00e2n\u0103<\/option><\/select>\n<\/div>\n<\/div>\n<\/div>","protected":false},"featured_media":133,"comment_status":"open","ping_status":"closed","template":"","meta":[],"_links":{"self":[{"href":"https:\/\/www.cubeatomizers.com\/ro\/wp-json\/wp\/v2\/product\/54"}],"collection":[{"href":"https:\/\/www.cubeatomizers.com\/ro\/wp-json\/wp\/v2\/product"}],"about":[{"href":"https:\/\/www.cubeatomizers.com\/ro\/wp-json\/wp\/v2\/types\/product"}],"replies":[{"embeddable":true,"href":"https:\/\/www.cubeatomizers.com\/ro\/wp-json\/wp\/v2\/comments?post=54"}],"wp:featuredmedia":[{"embeddable":true,"href":"https:\/\/www.cubeatomizers.com\/ro\/wp-json\/wp\/v2\/media\/133"}],"wp:attachment":[{"href":"https:\/\/www.cubeatomizers.com\/ro\/wp-json\/wp\/v2\/media?parent=54"}],"curies":[{"name":"wp","href":"https:\/\/api.w.org\/{rel}","templated":true}]}}