{"id":52,"date":"2020-12-08T00:17:22","date_gmt":"2020-12-08T00:17:22","guid":{"rendered":"https:\/\/www.cubeatomizers.com\/product\/import-placeholder-for-3489\/"},"modified":"2021-02-02T00:34:19","modified_gmt":"2021-02-02T00:34:19","slug":"uv-air-s-60m%c2%b2","status":"publish","type":"product","link":"https:\/\/www.cubeatomizers.com\/ro\/produs\/uv-air-s-60m%c2%b2\/","title":{"rendered":"UV AIR S."},"content":{"rendered":"<p>Sistemul CUBE Surface pentru decontaminarea aerului \u0219i a suprafe\u021belor folose\u0219te 2 l\u0103mpi UV-C \u0219i are o durat\u0103 de via\u021b\u0103 de 9000 de ore. <\/p>\n<p>Razele UV-C emise distrug 99,99% din agen\u021bii patogeni, ac\u021bion\u00e2nd rapid \u0219i eficient asupra virusurilor, bacteriilor \u0219i mucegaiurilor. <\/p>\n<p>CUBE Surface poate fi operat numai f\u0103r\u0103 prezen\u021ba uman\u0103. <\/p>\n<p>Pentru sistemele continue de decontaminare a aerului UV-C care permit prezen\u021ba uman\u0103 \u00een timpul func\u021bion\u0103rii, v\u0103 rug\u0103m s\u0103 consulta\u021bi seria CUBE Air \u0219i AirW.<\/p>\n<div class=\"col-sm-4\">\n<p><strong>F\u0103r\u0103 costuri de \u00eentre\u021binere<\/strong><\/p>\n<p>Sistemul CUBE Surface are un consum redus de energie \u0219i nu are costuri de \u00eentre\u021binere, prin urmare decontamina\u021bi spa\u021biul la un cost foarte mic.<\/p>\n<p><strong>Interfa\u021b\u0103 prietenoas\u0103<\/strong><\/p>\n<p>Dispozitivul este u\u0219or de instalat pe perete \u0219i intuitiv de utilizat. Permite controlul de la distan\u021b\u0103 prin telecomand\u0103.<\/p>\n<p><strong>Putere de 50W<\/strong><\/p>\n<p>CUBE Surface vine cu dou\u0103 l\u0103mpi UV-C cu o putere total\u0103 de 50W acoperind p\u00e2n\u0103 la 60m\u00b2.<\/p>\n<\/div>\n<p>&nbsp;<\/p>\n<p>&nbsp;<\/p>\n<p>&nbsp;<\/p>\n<div class=\"col-sm-8\">\n<div class=\"youtube-movie\">\n<h4 class=\"about-us-title\">VEZI CUM FUNC\u021aIONEAZ\u0102<\/h4>\n<p><iframe loading=\"lazy\" src=\"https:\/\/www.youtube.com\/embed\/sKpwrBHviYM\" width=\"90%\" height=\"400\" frameborder=\"0\" allowfullscreen=\"allowfullscreen\"><\/iframe><\/p>\n<\/div>\n<\/div>","protected":false},"excerpt":{"rendered":"<div class=\"download-new download-data\">\n<div class=\"download-brochure\">\n<div class=\"pdf-icon\">\n<img decoding=\"async\" src=\"https:\/\/www.cubeatomizers.com\/wp-content\/uploads\/2020\/09\/pdf-icon.png\"  alt=\"\" \/>\n<\/div>\n<div class=\"pdf-icon-wrapper\">\n<p><b>Vizualizeaz\u0103\/ Descarc\u0103 pliantul<\/b><\/p>\n<p><select onchange=\"this.options[this.selectedIndex].value &#038;&#038; (window.location = this.options[this.selectedIndex].value);\" class=\"button product_type_simple\"><option value=\"\">SELECTEAZA LIMBA<\/option><option value=\"https:\/\/www.cubeatomizers.com\/DECubeUVSurface.pdf\">Deutsche<\/option><option value=\"https:\/\/www.cubeatomizers.com\/ENCubeUVSurface.pdf\">English<\/option><option value=\"https:\/\/www.cubeatomizers.com\/ROCubeUVSurface.pdf\">Rom\u00e2n\u0103<\/option><\/select>\n<\/div>\n<\/div>\n<\/div>","protected":false},"featured_media":123,"comment_status":"open","ping_status":"closed","template":"","meta":[],"_links":{"self":[{"href":"https:\/\/www.cubeatomizers.com\/ro\/wp-json\/wp\/v2\/product\/52"}],"collection":[{"href":"https:\/\/www.cubeatomizers.com\/ro\/wp-json\/wp\/v2\/product"}],"about":[{"href":"https:\/\/www.cubeatomizers.com\/ro\/wp-json\/wp\/v2\/types\/product"}],"replies":[{"embeddable":true,"href":"https:\/\/www.cubeatomizers.com\/ro\/wp-json\/wp\/v2\/comments?post=52"}],"wp:featuredmedia":[{"embeddable":true,"href":"https:\/\/www.cubeatomizers.com\/ro\/wp-json\/wp\/v2\/media\/123"}],"wp:attachment":[{"href":"https:\/\/www.cubeatomizers.com\/ro\/wp-json\/wp\/v2\/media?parent=52"}],"curies":[{"name":"wp","href":"https:\/\/api.w.org\/{rel}","templated":true}]}}