{"id":50,"date":"2020-12-08T00:17:22","date_gmt":"2020-12-08T00:17:22","guid":{"rendered":"https:\/\/www.cubeatomizers.com\/product\/import-placeholder-for-3476\/"},"modified":"2021-02-02T00:34:31","modified_gmt":"2021-02-02T00:34:31","slug":"cube-uv-air-w100m%c2%b3-h","status":"publish","type":"product","link":"https:\/\/www.cubeatomizers.com\/ro\/produs\/cube-uv-air-w100m%c2%b3-h\/","title":{"rendered":"CUBE UV AIR W"},"content":{"rendered":"<p>Pentru a ob\u021bine eficien\u021b\u0103 \u0219i vitez\u0103 \u00een procesul de decontaminare a aerului, am creat CUBE UV Air W. Un sistem \u00eenchis UV-C montat pe perete de decontaminare a aerului.<\/p>\n<p>Ultravioletele sunt standardul profesional de calitate \u00een industria decontamin\u0103rii aerului.<\/p>\n<div class=\"col-sm-4\">\n<p><strong>Permite prezen\u021ba uman\u0103<\/strong><\/p>\n<p>Fiind o lamp\u0103 \u00eenchis\u0103, CUBE UV Air W permite prezen\u021ba uman\u0103 \u00een spa\u021biul tratat \u00een timpul func\u021bion\u0103rii \u0219i poate fi utilizat continuu, asigur\u00e2nd distrugerea a 99,99% dintre agen\u021bii patogeni \u00een doar c\u00e2teva secunde.<\/p>\n<p><strong>Montabil pe perete<\/strong><\/p>\n<p>Cu un design elegant \u0219i ergonomic, CUBE AirW are \u0219i avantajul mont\u0103rii pe perete.<\/p>\n<p><strong>Putere de 50W<\/strong><\/p>\n<p>CUBE UV Air W este echipat cu dou\u0103 l\u0103mpi UV-C \u00eenchise, cu o putere total\u0103 de 50W.<\/p>\n<\/div>\n<p>&nbsp;<\/p>\n<p>&nbsp;<\/p>\n<p>&nbsp;<\/p>\n<div class=\"col-sm-8\">\n<div class=\"youtube-movie\">\n<h4 class=\"about-us-title\">VEZI CUM FUNC\u021aIONEAZ\u0102<\/h4>\n<p><iframe loading=\"lazy\" src=\"https:\/\/www.youtube.com\/embed\/sKpwrBHviYM\" width=\"90%\" height=\"400\" frameborder=\"0\" allowfullscreen=\"allowfullscreen\"><\/iframe><\/p>\n<\/div>\n<\/div>","protected":false},"excerpt":{"rendered":"<div class=\"download-new download-data\">\n<div class=\"download-brochure\">\n<div class=\"pdf-icon\">\n<img decoding=\"async\" src=\"https:\/\/www.cubeatomizers.com\/wp-content\/uploads\/2020\/09\/pdf-icon.png\"  alt=\"\" \/>\n<\/div>\n<div class=\"pdf-icon-wrapper\">\n<p><b>Vizualizeaz\u0103\/ Descarc\u0103 pliantul<\/b><\/p>\n<p><select onchange=\"this.options[this.selectedIndex].value &#038;&#038; (window.location = this.options[this.selectedIndex].value);\" class=\"button product_type_simple\"><option value=\"\">SELECTEAZA LIMBA<\/option><option value=\"https:\/\/www.cubeatomizers.com\/DECubeUVAirW.pdf\">Deutsche<\/option><option value=\"https:\/\/www.cubeatomizers.com\/ENCubeUVAIRW.pdf\">English<\/option><option value=\"https:\/\/www.cubeatomizers.com\/ROCubeUVAIRW.pdf\">Rom\u00e2n\u0103<\/option><\/select>\n<\/div>\n<\/div>\n<\/div>","protected":false},"featured_media":112,"comment_status":"open","ping_status":"closed","template":"","meta":[],"_links":{"self":[{"href":"https:\/\/www.cubeatomizers.com\/ro\/wp-json\/wp\/v2\/product\/50"}],"collection":[{"href":"https:\/\/www.cubeatomizers.com\/ro\/wp-json\/wp\/v2\/product"}],"about":[{"href":"https:\/\/www.cubeatomizers.com\/ro\/wp-json\/wp\/v2\/types\/product"}],"replies":[{"embeddable":true,"href":"https:\/\/www.cubeatomizers.com\/ro\/wp-json\/wp\/v2\/comments?post=50"}],"wp:featuredmedia":[{"embeddable":true,"href":"https:\/\/www.cubeatomizers.com\/ro\/wp-json\/wp\/v2\/media\/112"}],"wp:attachment":[{"href":"https:\/\/www.cubeatomizers.com\/ro\/wp-json\/wp\/v2\/media?parent=50"}],"curies":[{"name":"wp","href":"https:\/\/api.w.org\/{rel}","templated":true}]}}