{"id":47,"date":"2020-12-08T00:17:22","date_gmt":"2020-12-08T00:17:22","guid":{"rendered":"https:\/\/www.cubeatomizers.com\/product\/import-placeholder-for-3459\/"},"modified":"2021-02-02T00:36:33","modified_gmt":"2021-02-02T00:36:33","slug":"cube-xl-30000-m%c2%b3","status":"publish","type":"product","link":"https:\/\/www.cubeatomizers.com\/ro\/produs\/cube-xl-30000-m%c2%b3\/","title":{"rendered":"CUBE XL"},"content":{"rendered":"<p>Eficien\u021ba are acum un nou nume: CUBE XL. Acest nebulizator revolu\u021bionar asigur\u0103 decontaminarea ultrarapid\u0103 a spa\u021biilor mari cu eficien\u021b\u0103 maxim\u0103.<\/p>\n<p>Potrivit pentru spa\u021bii mari de p\u00e2n\u0103 la 30.000 de metri cubi care necesit\u0103 decontaminare continu\u0103 \u0219i rapid\u0103 a aerului \u0219i a suprafe\u021belor.<\/p>\n<div class=\"col-sm-4\">\n<strong>De trei ori mai repede<\/strong><\/p>\n<p>CUBE XL decontamineaz\u0103 toate suprafe\u021bele \u0219i aerul extrem de rapid \u0219i eficient, acoperind 5,5 metri cubi pe secund\u0103. Este de aproape trei ori mai rapid dec\u00e2t modelul CUBE L.<\/p>\n<p><strong>Ideal pentru spa\u021bii mari<\/strong><\/p>\n<p>Nebulizatorul CUBE XL este potrivit pentru restaurante, spitale, s\u0103li de sport, aeroporturi \u0219i alte spa\u021bii de p\u00e2n\u0103 la 30.000 de metri cubi. Acoper\u0103 suprafe\u021be de 10 ori mai mari dec\u00e2t modelul CUBE M.<\/p>\n<p><strong>Motor brushless<\/strong><\/p>\n<p>CUBE XL este echipat cu un motor brushless de 1800W de \u00eenalt\u0103 performan\u021b\u0103.<\/p>\n<\/div>\n<p>&nbsp;<\/p>\n<p>&nbsp;<\/p>\n<p>&nbsp;<\/p>\n<div class=\"col-sm-8\">\n<div class=\"youtube-movie\">\n<h4 class=\"about-us-title\">VEZI CUM FUNC\u021aIONEAZ\u0102<\/h4>\n<p><iframe loading=\"lazy\" src=\"https:\/\/www.youtube.com\/embed\/sKpwrBHviYM\" width=\"90%\" height=\"400\" frameborder=\"0\" allowfullscreen=\"allowfullscreen\"><\/iframe>\n<\/div>\n<\/div>","protected":false},"excerpt":{"rendered":"<div class=\"download-new download-data\">\n<div class=\"download-brochure\">\n<div class=\"pdf-icon\">\n<img decoding=\"async\" src=\"https:\/\/www.cubeatomizers.com\/wp-content\/uploads\/2020\/09\/pdf-icon.png\"  alt=\"\" \/>\n<\/div>\n<div class=\"pdf-icon-wrapper\">\n<p><b>Vizualizeaz\u0103\/ Descarc\u0103 pliantul<\/b><\/p>\n<p><select onchange=\"this.options[this.selectedIndex].value &#038;&#038; (window.location = this.options[this.selectedIndex].value);\" class=\"button product_type_simple\"><option value=\"\">SELECTEAZA LIMBA<\/option><option value=\"https:\/\/www.cubeatomizers.com\/DECubeXL.pdf\">Deutsche<\/option><option value=\"https:\/\/www.cubeatomizers.com\/ENCubeXL.pdf\">English<\/option><option value=\"https:\/\/www.cubeatomizers.com\/ESCubeXL.pdf\">Espa\u00f1ol<\/option><option value=\"https:\/\/www.cubeatomizers.com\/ROCubeXL.pdf\">Rom\u00e2n\u0103<\/option><\/select>\n<\/div>\n<\/div>\n<\/div>","protected":false},"featured_media":98,"comment_status":"open","ping_status":"closed","template":"","meta":[],"_links":{"self":[{"href":"https:\/\/www.cubeatomizers.com\/ro\/wp-json\/wp\/v2\/product\/47"}],"collection":[{"href":"https:\/\/www.cubeatomizers.com\/ro\/wp-json\/wp\/v2\/product"}],"about":[{"href":"https:\/\/www.cubeatomizers.com\/ro\/wp-json\/wp\/v2\/types\/product"}],"replies":[{"embeddable":true,"href":"https:\/\/www.cubeatomizers.com\/ro\/wp-json\/wp\/v2\/comments?post=47"}],"wp:featuredmedia":[{"embeddable":true,"href":"https:\/\/www.cubeatomizers.com\/ro\/wp-json\/wp\/v2\/media\/98"}],"wp:attachment":[{"href":"https:\/\/www.cubeatomizers.com\/ro\/wp-json\/wp\/v2\/media?parent=47"}],"curies":[{"name":"wp","href":"https:\/\/api.w.org\/{rel}","templated":true}]}}