{"id":46,"date":"2020-12-08T00:17:21","date_gmt":"2020-12-08T00:17:21","guid":{"rendered":"https:\/\/www.cubeatomizers.com\/product\/import-placeholder-for-3455\/"},"modified":"2021-02-02T00:36:38","modified_gmt":"2021-02-02T00:36:38","slug":"cube-l-30000-m%c2%b3","status":"publish","type":"product","link":"https:\/\/www.cubeatomizers.com\/ro\/produs\/cube-l-30000-m%c2%b3\/","title":{"rendered":"CUBE L"},"content":{"rendered":"<p>CUBE L este un nebulizator de dezinfec\u021bie de precizie clasa A, fiind eficient \u00een spa\u021bii de p\u00e2n\u0103 la 30.000 de metri cubi.<\/p>\n<p>Recomandat pentru volume mai mari de 5.000 de metri cubi, acest nebulizator profesional de dezinfec\u021bie este cel mai potrivit pentru restaurante mari, spitale, s\u0103li de sport, aeroporturi, hoteluri, depozite \u0219i alte cl\u0103diri cu spa\u021bii generoase.<\/p>\n<div class=\"col-sm-4\">\n<strong>Acoper\u0103 volume mari<\/strong><\/p>\n<p>CUBE L asigur\u0103 decontaminarea spa\u021biilor de p\u00e2n\u0103 la 30.000 de metri cubi.<\/p>\n<p><strong>Rapid \u0219i eficient<\/strong><\/p>\n<p>CUBE L decontamineaz\u0103 aerul \u0219i suprafe\u021bele de trei ori mai rapid dec\u00e2t CUBE M.<\/p>\n<p><strong>Tehnologie avansat\u0103<\/strong><\/p>\n<p>Echipat cu duz\u0103 Venturi \u0219i o pomp\u0103 peristaltic\u0103 de \u00eenalt\u0103 precizie, CUBE L asigur\u0103 distrugerea a 99,99% din agen\u021bii patogeni cunoscu\u021bi.<\/p>\n<\/div>\n<p>&nbsp;<\/p>\n<p>&nbsp;<\/p>\n<p>&nbsp;<\/p>\n<div class=\"col-sm-8\">\n<div class=\"youtube-movie\">\n<h4 class=\"about-us-title\">VEZI CUM FUNC\u021aIONEAZ\u0102<\/h4>\n<p><iframe loading=\"lazy\" src=\"https:\/\/www.youtube.com\/embed\/sKpwrBHviYM\" width=\"90%\" height=\"400\" frameborder=\"0\" allowfullscreen=\"allowfullscreen\"><\/iframe><\/p>\n<\/div>\n<\/div>","protected":false},"excerpt":{"rendered":"<div class=\"download-new download-data\">\n<div class=\"download-brochure\">\n<div class=\"pdf-icon\">\n<img decoding=\"async\" src=\"https:\/\/www.cubeatomizers.com\/wp-content\/uploads\/2020\/09\/pdf-icon.png\"  alt=\"\" \/>\n<\/div>\n<div class=\"pdf-icon-wrapper\">\n<p><b>Vizualizeaz\u0103\/ Descarc\u0103 pliantul<\/b><\/p>\n<p><select onchange=\"this.options[this.selectedIndex].value &#038;&#038; (window.location = this.options[this.selectedIndex].value);\" class=\"button product_type_simple\"><option value=\"\">SELECTEAZ\u0102 LIMBA<\/option><option value=\"https:\/\/www.cubeatomizers.com\/DECubeL.pdf\">Deutsche<\/option><option value=\"https:\/\/www.cubeatomizers.com\/ENCubeL.pdf\">English<\/option><option value=\"https:\/\/www.cubeatomizers.com\/ESCubeL.pdf\">Espa\u00f1ol<\/option><option value=\"https:\/\/www.cubeatomizers.com\/ROCubeL.pdf\">Rom\u00e2n\u0103<\/option><\/select>\n<\/div>\n<\/div>\n<\/div>","protected":false},"featured_media":95,"comment_status":"open","ping_status":"closed","template":"","meta":[],"_links":{"self":[{"href":"https:\/\/www.cubeatomizers.com\/ro\/wp-json\/wp\/v2\/product\/46"}],"collection":[{"href":"https:\/\/www.cubeatomizers.com\/ro\/wp-json\/wp\/v2\/product"}],"about":[{"href":"https:\/\/www.cubeatomizers.com\/ro\/wp-json\/wp\/v2\/types\/product"}],"replies":[{"embeddable":true,"href":"https:\/\/www.cubeatomizers.com\/ro\/wp-json\/wp\/v2\/comments?post=46"}],"wp:featuredmedia":[{"embeddable":true,"href":"https:\/\/www.cubeatomizers.com\/ro\/wp-json\/wp\/v2\/media\/95"}],"wp:attachment":[{"href":"https:\/\/www.cubeatomizers.com\/ro\/wp-json\/wp\/v2\/media?parent=46"}],"curies":[{"name":"wp","href":"https:\/\/api.w.org\/{rel}","templated":true}]}}