{"id":44,"date":"2020-12-08T00:17:21","date_gmt":"2020-12-08T00:17:21","guid":{"rendered":"https:\/\/www.cubeatomizers.com\/product\/import-placeholder-for-3440\/"},"modified":"2021-02-02T00:36:48","modified_gmt":"2021-02-02T00:36:48","slug":"cube-m-t12-6000-m%c2%b3","status":"publish","type":"product","link":"https:\/\/www.cubeatomizers.com\/ro\/produs\/cube-m-t12-6000-m%c2%b3\/","title":{"rendered":"CUBE M\/T12"},"content":{"rendered":"<p>Nebulizatorul CUBE M este conceput pentru a decontamina spa\u021bii de p\u00e2n\u0103 la 12.500 de metri cubi. Astfel, este solu\u021bia ideal\u0103 de dezinfec\u021bie pentru spitale \u0219i cabinete medicale, \u0219coli, restaurante, fabrici \u0219i alte institu\u021bii.<\/p>\n<p>Seria M de nebulizatoare este disponibil\u0103 \u00een trei versiuni, \u00een func\u021bie de dimensiunile rezervorului: M, M\/T12 \u0219i M\/T25.<\/p>\n<p>CUBE M\/T12 comes with a 12L tank and has the capacity to decontaminate surfaces up to 6,000 cubic meters.<\/p>\n<div class=\"col-sm-4\">\n<p><strong>Tehnologie unic\u0103<\/strong><\/p>\n<p>The innovative system of CUBE M\/T12 transforms the biocide into microparticles that remain in the air for a long time, ensuring total decontamination of the treated volume.<\/p>\n<p><strong>Practic \u0219i eficient<\/strong><\/p>\n<p>Sistemul de transport integrat asigur\u0103 manevrabilitatea dispozitivului \u0219i faciliteaz\u0103 amplasarea nebulizatorului aproape oriunde.<\/p>\n<p><strong>Control Wi-Fi<\/strong><\/p>\n<p>Op\u021bional, seria CUBE M poate fi echipat\u0103 cu un modul de control Wi-Fi.<\/p>\n<\/div>\n<p>&nbsp;<\/p>\n<p>&nbsp;<\/p>\n<p>&nbsp;<\/p>\n<div class=\"col-sm-8\">\n<div class=\"youtube-movie\">\n<h4 class=\"about-us-title\">VEZI CUM FUNC\u021aIONEAZ\u0102<\/h4>\n<p><iframe loading=\"lazy\" src=\"https:\/\/www.youtube.com\/embed\/sKpwrBHviYM\" width=\"90%\" height=\"400\" frameborder=\"0\" allowfullscreen=\"allowfullscreen\"><\/iframe><\/p>\n<\/div>\n<\/div>","protected":false},"excerpt":{"rendered":"<div class=\"download-new download-data\">\n<div class=\"download-brochure\">\n<div class=\"pdf-icon\">\n<img decoding=\"async\" src=\"https:\/\/www.cubeatomizers.com\/wp-content\/uploads\/2020\/09\/pdf-icon.png\"  alt=\"\" \/>\n<\/div>\n<div class=\"pdf-icon-wrapper\">\n<p><b>Vizualizeaz\u0103\/ Descarc\u0103 pliantul<\/b><\/p>\n<p><select onchange=\"this.options[this.selectedIndex].value &#038;&#038; (window.location = this.options[this.selectedIndex].value);\" class=\"button product_type_simple\"><option value=\"\">SELECTEAZA LIMBA<\/option><option value=\"https:\/\/www.cubeatomizers.com\/DECubeMT12.pdf\">Deutsche<\/option><option value=\"https:\/\/www.cubeatomizers.com\/ENCubeMT12.pdf\">English<\/option><option value=\"https:\/\/www.cubeatomizers.com\/ESCubeMT12.pdf\">Espa\u00f1ol<\/option><option value=\"https:\/\/www.cubeatomizers.com\/FRCubeMT12.pdf\">Fran\u00e7ais<\/option><option value=\"https:\/\/www.cubeatomizers.com\/HRCubeMT-12.pdf\">Hrvatski<\/option><option value=\"https:\/\/www.cubeatomizers.com\/ROCubeMT12.pdf\">Rom\u00e2n\u0103<\/option><\/select>\n<\/div>\n<\/div>\n<\/div>","protected":false},"featured_media":84,"comment_status":"open","ping_status":"closed","template":"","meta":[],"_links":{"self":[{"href":"https:\/\/www.cubeatomizers.com\/ro\/wp-json\/wp\/v2\/product\/44"}],"collection":[{"href":"https:\/\/www.cubeatomizers.com\/ro\/wp-json\/wp\/v2\/product"}],"about":[{"href":"https:\/\/www.cubeatomizers.com\/ro\/wp-json\/wp\/v2\/types\/product"}],"replies":[{"embeddable":true,"href":"https:\/\/www.cubeatomizers.com\/ro\/wp-json\/wp\/v2\/comments?post=44"}],"wp:featuredmedia":[{"embeddable":true,"href":"https:\/\/www.cubeatomizers.com\/ro\/wp-json\/wp\/v2\/media\/84"}],"wp:attachment":[{"href":"https:\/\/www.cubeatomizers.com\/ro\/wp-json\/wp\/v2\/media?parent=44"}],"curies":[{"name":"wp","href":"https:\/\/api.w.org\/{rel}","templated":true}]}}