{"id":42,"date":"2020-12-08T00:17:21","date_gmt":"2020-12-08T00:17:21","guid":{"rendered":"https:\/\/www.cubeatomizers.com\/product\/import-placeholder-for-3419\/"},"modified":"2021-02-02T00:36:58","modified_gmt":"2021-02-02T00:36:58","slug":"cuisine-line-300-m%c2%b3","status":"publish","type":"product","link":"https:\/\/www.cubeatomizers.com\/ro\/produs\/cuisine-line-300-m%c2%b3\/","title":{"rendered":"CUISINE LINE"},"content":{"rendered":"<p>CUBE S Cuisine Line este primul nebulizator de dezinfec\u021bie dedicat decontamin\u0103rii buc\u0103t\u0103riilor de restaurant de p\u00e2n\u0103 la 300 de metri cubi.<\/p>\n<p>Construit pe platforma nebulizatorului nostru de \u00eenalt\u0103 performan\u021b\u0103 CUBE S, Cuisine Line este cea mai sigur\u0103, eficient\u0103 \u0219i rapid\u0103 metod\u0103 de decontaminare pentru orice buc\u0103t\u0103rie de restaurant cu o suprafa\u021b\u0103 de p\u00e2n\u0103 la 300 m\u00b3.<\/p>\n<p>Creat de profesioni\u0219ti pentru profesioni\u0219ti.<br\/>\nCUBE S Cuisine Line a fost dezvoltat al\u0103turi de buc\u0103tari profesioni\u0219ti viz\u00e2nd nevoile lor specifice: sigur, rapid \u0219i fiabil.<\/p>\n<div class=\"col-sm-4\">\n<p><strong>Sigur<\/strong><\/p>\n<p>Opera\u021biunea se desf\u0103\u0219oar\u0103 \u00een condi\u021bii de siguran\u021b\u0103, f\u0103r\u0103 prezen\u021ba uman\u0103. Nebulizatorul de dezinfec\u021bie CUBE S Cuisine Line garanteaz\u0103 un proces de decontaminare perfect, rapid \u0219i eficient pentru s\u0103n\u0103tatea dumneavoastr\u0103.<\/p>\n<p><strong>U\u0219or de folosit<\/strong><\/p>\n<p>CUBE S Cuisine Line este extrem de u\u0219or \u0219i intuitiv de utilizat. Are un singur buton pentru pornire\/ oprire \u0219i nu necesit\u0103 antrenament suplimentar.<\/p>\n<p><strong>Cost-eficient<\/strong><\/p>\n<p>CUBE S CUISINE LINE este u\u0219or \u0219i portabil. Poate fi instalat oriunde \u0219i poate dezinfecta orice tip de camer\u0103 de p\u00e2n\u0103 la 300 m\u00b3. Procedura de decontaminare necesit\u0103 doar 3 ml \/ m\u00b3 de produs biocid.<\/p>\n<p><strong>Recuperarea rapid\u0103 a camerei<\/strong><\/p>\n<p>CUBE S CUISINE LINE dezinfecteaz\u0103 toate suprafe\u021bele \u0219i aerul \u00eentr-o camer\u0103 medie de 100 m\u00b3 \u00een mai pu\u021bin de 10 minute. Camera poate fi utilizat\u0103 dup\u0103 numai 15 minute dup\u0103 tratament.<\/p>\n<p><strong>Non-toxic<\/strong><\/p>\n<p>Folosind peroxid de hidrogen, CUBE S CUISINE LINE garanteaz\u0103 siguran\u021ba maxim\u0103 pentru utilizator, mediu \u0219i toate materialele tratate. Dup\u0103 utilizare, las\u0103 un miros neutru \u0219i pl\u0103cut \u00een camera tratat\u0103.<\/p>\n<\/div>\n<p>&nbsp;<\/p>\n<p>&nbsp;<\/p>\n<p>&nbsp;<\/p>\n<div class=\"col-sm-8\">\n<div class=\"youtube-movie\">\n<h4 class=\"about-us-title\">VEZI CUM FUNC\u021aIONEAZ\u0102<\/h4>\n<p><iframe loading=\"lazy\" src=\"https:\/\/www.youtube.com\/embed\/sKpwrBHviYM\" width=\"90%\" height=\"400\" frameborder=\"0\" allowfullscreen=\"allowfullscreen\"><\/iframe><\/p>\n<\/div>\n<\/div>","protected":false},"excerpt":{"rendered":"<p>The new CUBE S CUISINE LINE is an ideal portable atomizer, designed for disinfecting workspaces, living spaces, medical practices, hotel rooms, markets, shops, buses, cars, or any other space up to 300 cubic meters, using Hydrogen Peroxide. With the CUBE S CUISINE LINE you automate the tedious work of manually disinfecting surfaces, without the possibility &#8230; <a title=\"CUISINE LINE\" class=\"read-more\" href=\"https:\/\/www.cubeatomizers.com\/ro\/produs\/cuisine-line-300-m%c2%b3\/\" aria-label=\"More on CUISINE LINE\">Read more<\/a><\/p>","protected":false},"featured_media":65,"comment_status":"open","ping_status":"closed","template":"","meta":[],"_links":{"self":[{"href":"https:\/\/www.cubeatomizers.com\/ro\/wp-json\/wp\/v2\/product\/42"}],"collection":[{"href":"https:\/\/www.cubeatomizers.com\/ro\/wp-json\/wp\/v2\/product"}],"about":[{"href":"https:\/\/www.cubeatomizers.com\/ro\/wp-json\/wp\/v2\/types\/product"}],"replies":[{"embeddable":true,"href":"https:\/\/www.cubeatomizers.com\/ro\/wp-json\/wp\/v2\/comments?post=42"}],"wp:featuredmedia":[{"embeddable":true,"href":"https:\/\/www.cubeatomizers.com\/ro\/wp-json\/wp\/v2\/media\/65"}],"wp:attachment":[{"href":"https:\/\/www.cubeatomizers.com\/ro\/wp-json\/wp\/v2\/media?parent=42"}],"curies":[{"name":"wp","href":"https:\/\/api.w.org\/{rel}","templated":true}]}}