{"id":41,"date":"2020-12-08T00:17:21","date_gmt":"2020-12-08T00:17:21","guid":{"rendered":"https:\/\/www.cubeatomizers.com\/product\/import-placeholder-for-3412\/"},"modified":"2021-02-02T00:37:04","modified_gmt":"2021-02-02T00:37:04","slug":"cube-s-300-m%c2%b3","status":"publish","type":"product","link":"https:\/\/www.cubeatomizers.com\/ro\/produs\/cube-s-300-m%c2%b3\/","title":{"rendered":"CUBE S"},"content":{"rendered":"<p>Noul CUBE S este nebulizatorul de dezinfec\u021bie ideal, conceput pentru decontaminarea at\u00e2t a locuin\u021belor, precum \u0219i a spa\u021biilor de lucru, cabinetelor medicale, camerelor de hotel, pie\u021belor, magazinelor, autobuzelor, ma\u0219inilor sau oric\u0103rui alt spa\u021biu de p\u00e2n\u0103 la 300 de metri cubi, utiliz\u00e2nd un biocid aprobat.<\/p>\n<p>Aceast\u0103 form\u0103 de decontaminare a aerului elimin\u0103 riscul de contaminare \u00eencruci\u0219at\u0103. Distruge 99,99% din toate virusurile, bacteriile \u0219i mucegaiurile cunoscute, inclusiv SARS COV-2.<\/p>\n<div class=\"col-sm-4\">\n<p><strong>Potrivit pentru case \u0219i spa\u021bii de lucru mici<\/strong><\/p>\n<p>Dimensiunile reduse ale acestui dispozitiv \u00eel fac portabil \u0219i u\u0219or de instalat \u00een orice camer\u0103 sau birou.  <\/p>\n<p><strong>Sigur<\/strong><\/p>\n<p>Opera\u021biunea se desf\u0103\u0219oar\u0103 \u00een condi\u021bii de siguran\u021b\u0103, f\u0103r\u0103 prezen\u021ba uman\u0103. Nebulizatorul de dezinfec\u021bie CUBE S garanteaz\u0103 un proces de decontaminare perfect, rapid \u0219i eficient pentru s\u0103n\u0103tatea dumneavoastr\u0103.<\/p>\n<p><strong>U\u0219or de folosit<\/strong><\/p>\n<p>Noul CUBE S este foarte u\u0219or de utilizat \u0219i extrem de intuitiv. CUBE S are doar un buton pentru pornire\/ oprire \u0219i nu necesit\u0103 un instructaj suplimentar.<\/p>\n<\/div>\n<p>&nbsp;<\/p>\n<p>&nbsp;<\/p>\n<p>&nbsp;<\/p>\n<div class=\"col-sm-8\">\n<div class=\"youtube-movie\">\n<h4 class=\"about-us-title\">VEZI CUM FUNC\u021aIONEAZ\u0102<\/h4>\n<p><iframe loading=\"lazy\" src=\"https:\/\/www.youtube.com\/embed\/sKpwrBHviYM\" width=\"90%\" height=\"400\" frameborder=\"0\" allowfullscreen=\"allowfullscreen\"><\/iframe><\/p>\n<\/div>\n<\/div>","protected":false},"excerpt":{"rendered":"<div class=\"download-new download-data\">\n<div class=\"download-brochure\">\n<div class=\"pdf-icon\">\n<img decoding=\"async\" src=\"https:\/\/www.cubeatomizers.com\/wp-content\/uploads\/2020\/09\/pdf-icon.png\"  alt=\"\" \/>\n<\/div>\n<div class=\"pdf-icon-wrapper\">\n<p><b>Vizualizeaz\u0103\/ Descarc\u0103 pliantul<\/b><\/p>\n<p><select onchange=\"this.options[this.selectedIndex].value &#038;&#038; (window.location = this.options[this.selectedIndex].value);\" class=\"button product_type_simple\"><option value=\"\">SELECTEAZA LIMBA<\/option><option value=\"https:\/\/www.cubeatomizers.com\/DECubeS.pdf\">Deutsche<\/option><option value=\"https:\/\/www.cubeatomizers.com\/ENCubeS.pdf\">English<\/option><option value=\"https:\/\/www.cubeatomizers.com\/ESCubeS.pdf\">Espa\u00f1ol<\/option><option value=\"https:\/\/www.cubeatomizers.com\/FRCubeS.pdf\">Fran\u00e7ais<\/option><option value=\"https:\/\/www.cubeatomizers.com\/HRCubeS.pdf\">Hrvatski<\/option><option value=\"https:\/\/www.cubeatomizers.com\/ROCubeS.pdf\">Rom\u00e2n\u0103<\/option><\/select>\n<\/div>\n<\/div>\n<\/div>","protected":false},"featured_media":59,"comment_status":"open","ping_status":"closed","template":"","meta":[],"_links":{"self":[{"href":"https:\/\/www.cubeatomizers.com\/ro\/wp-json\/wp\/v2\/product\/41"}],"collection":[{"href":"https:\/\/www.cubeatomizers.com\/ro\/wp-json\/wp\/v2\/product"}],"about":[{"href":"https:\/\/www.cubeatomizers.com\/ro\/wp-json\/wp\/v2\/types\/product"}],"replies":[{"embeddable":true,"href":"https:\/\/www.cubeatomizers.com\/ro\/wp-json\/wp\/v2\/comments?post=41"}],"wp:featuredmedia":[{"embeddable":true,"href":"https:\/\/www.cubeatomizers.com\/ro\/wp-json\/wp\/v2\/media\/59"}],"wp:attachment":[{"href":"https:\/\/www.cubeatomizers.com\/ro\/wp-json\/wp\/v2\/media?parent=41"}],"curies":[{"name":"wp","href":"https:\/\/api.w.org\/{rel}","templated":true}]}}