{"id":400,"date":"2020-12-08T10:48:16","date_gmt":"2020-12-08T10:48:16","guid":{"rendered":"https:\/\/www.cubeatomizers.com\/?page_id=400"},"modified":"2021-02-04T11:01:39","modified_gmt":"2021-02-04T11:01:39","slug":"how-it-works","status":"publish","type":"page","link":"https:\/\/www.cubeatomizers.com\/ro\/how-it-works\/","title":{"rendered":"Cum Functioneaza?"},"content":{"rendered":"<div data-elementor-type=\"wp-page\" data-elementor-id=\"400\" class=\"elementor elementor-400\" data-elementor-settings=\"[]\">\n\t\t\t\t\t\t\t<div class=\"elementor-section-wrap\">\n\t\t\t\t\t\t\t<section class=\"elementor-section elementor-top-section elementor-element elementor-element-76d48de elementor-section-boxed elementor-section-height-default elementor-section-height-default\" data-id=\"76d48de\" data-element_type=\"section\">\n\t\t\t\t\t\t<div class=\"elementor-container elementor-column-gap-default\">\n\t\t\t\t\t<div class=\"elementor-column elementor-col-100 elementor-top-column elementor-element elementor-element-4114557\" data-id=\"4114557\" data-element_type=\"column\">\n\t\t\t<div class=\"elementor-widget-wrap elementor-element-populated\">\n\t\t\t\t\t\t\t\t<div class=\"elementor-element elementor-element-c2b5f7e elementor-widget elementor-widget-text-editor\" data-id=\"c2b5f7e\" data-element_type=\"widget\" data-widget_type=\"text-editor.default\">\n\t\t\t\t<div class=\"elementor-widget-container\">\n\t\t\t\t\t<div class=\"elementor-text-editor elementor-clearfix\"><p>CUM FUNCTIONEAZA?<\/p><\/div>\n\t\t\t\t<\/div>\n\t\t\t\t<\/div>\n\t\t\t\t\t<\/div>\n\t\t<\/div>\n\t\t\t\t\t\t\t<\/div>\n\t\t<\/section>\n\t\t\t\t<section class=\"elementor-section elementor-top-section elementor-element elementor-element-c3ef3a9 elementor-section-boxed elementor-section-height-default elementor-section-height-default\" data-id=\"c3ef3a9\" data-element_type=\"section\">\n\t\t\t\t\t\t<div class=\"elementor-container elementor-column-gap-default\">\n\t\t\t\t\t<div class=\"elementor-column elementor-col-100 elementor-top-column elementor-element elementor-element-132c2ec\" data-id=\"132c2ec\" data-element_type=\"column\">\n\t\t\t<div class=\"elementor-widget-wrap elementor-element-populated\">\n\t\t\t\t\t\t\t\t<div class=\"elementor-element elementor-element-92b3661 elementor-widget elementor-widget-image\" data-id=\"92b3661\" data-element_type=\"widget\" data-widget_type=\"image.default\">\n\t\t\t\t<div class=\"elementor-widget-container\">\n\t\t\t\t\t<div class=\"elementor-image\">\n\t\t\t\t\t\t\t\t\t\t<img width=\"1270\" height=\"1113\" src=\"https:\/\/www.cubeatomizers.com\/wp-content\/uploads\/2021\/01\/cum-functioneaza.jpg\" class=\"attachment-full size-full\" alt=\"\" decoding=\"async\" loading=\"lazy\" srcset=\"https:\/\/www.cubeatomizers.com\/wp-content\/uploads\/2021\/01\/cum-functioneaza.jpg 1169w, https:\/\/www.cubeatomizers.com\/wp-content\/uploads\/2021\/01\/cum-functioneaza-300x269.jpg 300w, https:\/\/www.cubeatomizers.com\/wp-content\/uploads\/2021\/01\/cum-functioneaza-1024x918.jpg 1024w, https:\/\/www.cubeatomizers.com\/wp-content\/uploads\/2021\/01\/cum-functioneaza-768x689.jpg 768w, https:\/\/www.cubeatomizers.com\/wp-content\/uploads\/2021\/01\/cum-functioneaza-13x12.jpg 13w, https:\/\/www.cubeatomizers.com\/wp-content\/uploads\/2021\/01\/cum-functioneaza-600x538.jpg 600w\" sizes=\"(max-width: 1270px) 100vw, 1270px\" \/>\t\t\t\t\t\t\t\t\t\t\t<\/div>\n\t\t\t\t<\/div>\n\t\t\t\t<\/div>\n\t\t\t\t\t<\/div>\n\t\t<\/div>\n\t\t\t\t\t\t\t<\/div>\n\t\t<\/section>\n\t\t\t\t<section class=\"elementor-section elementor-top-section elementor-element elementor-element-5282f21 elementor-section-boxed elementor-section-height-default elementor-section-height-default\" data-id=\"5282f21\" data-element_type=\"section\">\n\t\t\t\t\t\t<div class=\"elementor-container elementor-column-gap-default\">\n\t\t\t\t\t<div class=\"elementor-column elementor-col-33 elementor-top-column elementor-element elementor-element-4ce1889\" data-id=\"4ce1889\" data-element_type=\"column\">\n\t\t\t<div class=\"elementor-widget-wrap elementor-element-populated\">\n\t\t\t\t\t\t\t\t<div class=\"elementor-element elementor-element-c386fbb elementor-widget elementor-widget-image\" data-id=\"c386fbb\" data-element_type=\"widget\" data-widget_type=\"image.default\">\n\t\t\t\t<div class=\"elementor-widget-container\">\n\t\t\t\t\t<div class=\"elementor-image\">\n\t\t\t\t\t\t\t\t\t\t<img width=\"600\" height=\"400\" src=\"https:\/\/www.cubeatomizers.com\/wp-content\/uploads\/2020\/12\/2-600x400-1.jpg\" class=\"attachment-medium_large size-medium_large\" alt=\"\" decoding=\"async\" loading=\"lazy\" srcset=\"https:\/\/www.cubeatomizers.com\/wp-content\/uploads\/2020\/12\/2-600x400-1.jpg 600w, https:\/\/www.cubeatomizers.com\/wp-content\/uploads\/2020\/12\/2-600x400-1-300x200.jpg 300w\" sizes=\"(max-width: 600px) 100vw, 600px\" \/>\t\t\t\t\t\t\t\t\t\t\t<\/div>\n\t\t\t\t<\/div>\n\t\t\t\t<\/div>\n\t\t\t\t\t<\/div>\n\t\t<\/div>\n\t\t\t\t<div class=\"elementor-column elementor-col-66 elementor-top-column elementor-element elementor-element-924aa83\" data-id=\"924aa83\" data-element_type=\"column\">\n\t\t\t<div class=\"elementor-widget-wrap elementor-element-populated\">\n\t\t\t\t\t\t\t\t<div class=\"elementor-element elementor-element-5292ac0 elementor-widget elementor-widget-text-editor\" data-id=\"5292ac0\" data-element_type=\"widget\" data-widget_type=\"text-editor.default\">\n\t\t\t\t<div class=\"elementor-widget-container\">\n\t\t\t\t\t<div class=\"elementor-text-editor elementor-clearfix\">u\u0219or de folosit<\/div>\n\t\t\t\t<\/div>\n\t\t\t\t<\/div>\n\t\t\t\t<div class=\"elementor-element elementor-element-4544eb0 elementor-widget elementor-widget-text-editor\" data-id=\"4544eb0\" data-element_type=\"widget\" data-widget_type=\"text-editor.default\">\n\t\t\t\t<div class=\"elementor-widget-container\">\n\t\t\t\t\t<div class=\"elementor-text-editor elementor-clearfix\">Noul CUBE S este extrem de u\u0219or de utilizat \u0219i extrem de intuitiv. CUBE S are un singur buton \u0219i nu necesit\u0103 antrenament suplimentar. CUBE S rentabil este u\u0219or \u0219i portabil. Poate fi instalat oriunde \u0219i poate dezinfecta orice tip de camer\u0103 de p\u00e2n\u0103 la 300 m3. Procedura de decontaminare necesit\u0103 doar 3 ml \/ m3 de produs biocid.<\/div>\n\t\t\t\t<\/div>\n\t\t\t\t<\/div>\n\t\t\t\t\t<\/div>\n\t\t<\/div>\n\t\t\t\t\t\t\t<\/div>\n\t\t<\/section>\n\t\t\t\t<section class=\"elementor-section elementor-top-section elementor-element elementor-element-ab7358f elementor-section-boxed elementor-section-height-default elementor-section-height-default\" data-id=\"ab7358f\" data-element_type=\"section\">\n\t\t\t\t\t\t<div class=\"elementor-container elementor-column-gap-default\">\n\t\t\t\t\t<div class=\"elementor-column elementor-col-33 elementor-top-column elementor-element elementor-element-9313209\" data-id=\"9313209\" data-element_type=\"column\">\n\t\t\t<div class=\"elementor-widget-wrap elementor-element-populated\">\n\t\t\t\t\t\t\t\t<div class=\"elementor-element elementor-element-99d5954 elementor-widget elementor-widget-text-editor\" data-id=\"99d5954\" data-element_type=\"widget\" data-widget_type=\"text-editor.default\">\n\t\t\t\t<div class=\"elementor-widget-container\">\n\t\t\t\t\t<div class=\"elementor-text-editor elementor-clearfix\">sigur<\/div>\n\t\t\t\t<\/div>\n\t\t\t\t<\/div>\n\t\t\t\t<div class=\"elementor-element elementor-element-261ffe8 elementor-widget elementor-widget-text-editor\" data-id=\"261ffe8\" data-element_type=\"widget\" data-widget_type=\"text-editor.default\">\n\t\t\t\t<div class=\"elementor-widget-container\">\n\t\t\t\t\t<div class=\"elementor-text-editor elementor-clearfix\"><p>Opera\u021bia se efectueaz\u0103 \u00een siguran\u021b\u0103 din prezen\u021ba uman\u0103. Nu las\u0103 urme, nu prezint\u0103 pete umede \u0219i nu prezint\u0103 niciun risc pentru suprafe\u021be sau echipamente electronice. Atomizatorul CUBE S garanteaz\u0103 un proces perfect de decontaminare. recuperare rapid\u0103 a camerei CUBE S dezinfecteaz\u0103 toate suprafe\u021bele \u0219i aerul \u00eentr-o camer\u0103 medie de 100 m3 \u00een mai pu\u021bin de 10 minute. Camera poate fi utilizat\u0103 dup\u0103 numai 15 minute dup\u0103 tratament.<\/p><\/div>\n\t\t\t\t<\/div>\n\t\t\t\t<\/div>\n\t\t\t\t\t<\/div>\n\t\t<\/div>\n\t\t\t\t<div class=\"elementor-column elementor-col-66 elementor-top-column elementor-element elementor-element-f967735\" data-id=\"f967735\" data-element_type=\"column\">\n\t\t\t<div class=\"elementor-widget-wrap elementor-element-populated\">\n\t\t\t\t\t\t\t\t<div class=\"elementor-element elementor-element-c14be9f elementor-widget elementor-widget-image\" data-id=\"c14be9f\" data-element_type=\"widget\" data-widget_type=\"image.default\">\n\t\t\t\t<div class=\"elementor-widget-container\">\n\t\t\t\t\t<div class=\"elementor-image\">\n\t\t\t\t\t\t\t\t\t\t<img width=\"685\" height=\"675\" src=\"https:\/\/www.cubeatomizers.com\/wp-content\/uploads\/2020\/12\/technology-cube-2.png\" class=\"attachment-medium_large size-medium_large\" alt=\"\" decoding=\"async\" loading=\"lazy\" srcset=\"https:\/\/www.cubeatomizers.com\/wp-content\/uploads\/2020\/12\/technology-cube-2.png 685w, https:\/\/www.cubeatomizers.com\/wp-content\/uploads\/2020\/12\/technology-cube-2-300x296.png 300w, https:\/\/www.cubeatomizers.com\/wp-content\/uploads\/2020\/12\/technology-cube-2-600x591.png 600w, https:\/\/www.cubeatomizers.com\/wp-content\/uploads\/2020\/12\/technology-cube-2-100x100.png 100w\" sizes=\"(max-width: 685px) 100vw, 685px\" \/>\t\t\t\t\t\t\t\t\t\t\t<\/div>\n\t\t\t\t<\/div>\n\t\t\t\t<\/div>\n\t\t\t\t\t<\/div>\n\t\t<\/div>\n\t\t\t\t\t\t\t<\/div>\n\t\t<\/section>\n\t\t\t\t<section class=\"elementor-section elementor-top-section elementor-element elementor-element-2c6c33e elementor-section-boxed elementor-section-height-default elementor-section-height-default\" data-id=\"2c6c33e\" data-element_type=\"section\">\n\t\t\t\t\t\t<div class=\"elementor-container elementor-column-gap-default\">\n\t\t\t\t\t<div class=\"elementor-column elementor-col-33 elementor-top-column elementor-element elementor-element-1c51163\" data-id=\"1c51163\" data-element_type=\"column\">\n\t\t\t<div class=\"elementor-widget-wrap\">\n\t\t\t\t\t\t\t\t\t<\/div>\n\t\t<\/div>\n\t\t\t\t<div class=\"elementor-column elementor-col-66 elementor-top-column elementor-element elementor-element-dc90c1d\" data-id=\"dc90c1d\" data-element_type=\"column\">\n\t\t\t<div class=\"elementor-widget-wrap elementor-element-populated\">\n\t\t\t\t\t\t\t\t<div class=\"elementor-element elementor-element-a959303 elementor-widget elementor-widget-text-editor\" data-id=\"a959303\" data-element_type=\"widget\" data-widget_type=\"text-editor.default\">\n\t\t\t\t<div class=\"elementor-widget-container\">\n\t\t\t\t\t<div class=\"elementor-text-editor elementor-clearfix\">netoxic<\/div>\n\t\t\t\t<\/div>\n\t\t\t\t<\/div>\n\t\t\t\t<div class=\"elementor-element elementor-element-338f118 elementor-widget elementor-widget-text-editor\" data-id=\"338f118\" data-element_type=\"widget\" data-widget_type=\"text-editor.default\">\n\t\t\t\t<div class=\"elementor-widget-container\">\n\t\t\t\t\t<div class=\"elementor-text-editor elementor-clearfix\">Folosind un biocid aprobat, CUBE S garanteaz\u0103 siguran\u021ba maxim\u0103 pentru utilizator, mediu \u0219i toate materialele tratate. Dup\u0103 utilizare, las\u0103 un miros neutru \u0219i pl\u0103cut \u00een camera tratat\u0103.<\/div>\n\t\t\t\t<\/div>\n\t\t\t\t<\/div>\n\t\t\t\t\t<\/div>\n\t\t<\/div>\n\t\t\t\t\t\t\t<\/div>\n\t\t<\/section>\n\t\t\t\t<section class=\"elementor-section elementor-top-section elementor-element elementor-element-0039630 elementor-section-boxed elementor-section-height-default elementor-section-height-default\" data-id=\"0039630\" data-element_type=\"section\">\n\t\t\t\t\t\t<div class=\"elementor-container elementor-column-gap-default\">\n\t\t\t\t\t<div class=\"elementor-column elementor-col-100 elementor-top-column elementor-element elementor-element-b28c476\" data-id=\"b28c476\" data-element_type=\"column\">\n\t\t\t<div class=\"elementor-widget-wrap elementor-element-populated\">\n\t\t\t\t\t\t\t\t<div class=\"elementor-element elementor-element-d811d5d elementor-widget elementor-widget-image\" data-id=\"d811d5d\" data-element_type=\"widget\" data-widget_type=\"image.default\">\n\t\t\t\t<div class=\"elementor-widget-container\">\n\t\t\t\t\t<div class=\"elementor-image\">\n\t\t\t\t\t\t\t\t\t\t<img width=\"933\" height=\"800\" src=\"https:\/\/www.cubeatomizers.com\/wp-content\/uploads\/2020\/12\/Atomizer-GIF-04-1-last.gif\" class=\"attachment-large size-large\" alt=\"\" decoding=\"async\" loading=\"lazy\" \/>\t\t\t\t\t\t\t\t\t\t\t<\/div>\n\t\t\t\t<\/div>\n\t\t\t\t<\/div>\n\t\t\t\t\t<\/div>\n\t\t<\/div>\n\t\t\t\t\t\t\t<\/div>\n\t\t<\/section>\n\t\t\t\t<section class=\"elementor-section elementor-top-section elementor-element elementor-element-e28a238 elementor-section-boxed elementor-section-height-default elementor-section-height-default\" data-id=\"e28a238\" data-element_type=\"section\">\n\t\t\t\t\t\t<div class=\"elementor-container elementor-column-gap-default\">\n\t\t\t\t\t<div class=\"elementor-column elementor-col-100 elementor-top-column elementor-element elementor-element-eb2967d\" data-id=\"eb2967d\" data-element_type=\"column\">\n\t\t\t<div class=\"elementor-widget-wrap elementor-element-populated\">\n\t\t\t\t\t\t\t\t<div class=\"elementor-element elementor-element-d7abfdb elementor-widget elementor-widget-text-editor\" data-id=\"d7abfdb\" data-element_type=\"widget\" data-widget_type=\"text-editor.default\">\n\t\t\t\t<div class=\"elementor-widget-container\">\n\t\t\t\t\t<div class=\"elementor-text-editor elementor-clearfix\">Folosind un biocid aprobat, noul atomizor de dezinfec\u021bie CUBE S ofer\u0103 o aplica\u021bie ecologic\u0103, cu descompunerea sa f\u0103r\u0103 reziduuri, dezinfect\u00e2ndu-v\u0103 cu succes locurile de munc\u0103, elimin\u00e2nd o varietate de bacterii, ciuperci \u0219i virusuri nedorite de pe toate suprafe\u021bele \u00een doar c\u00e2teva minute.<\/div>\n\t\t\t\t<\/div>\n\t\t\t\t<\/div>\n\t\t\t\t<div class=\"elementor-element elementor-element-72be529 elementor-widget elementor-widget-text-editor\" data-id=\"72be529\" data-element_type=\"widget\" data-widget_type=\"text-editor.default\">\n\t\t\t\t<div class=\"elementor-widget-container\">\n\t\t\t\t\t<div class=\"elementor-text-editor elementor-clearfix\">Nu g\u0103si\u021bi r\u0103spunsurile de care ave\u021bi nevoie pe site-ul nostru? Suntem aici pentru a v\u0103 ajuta!<\/div>\n\t\t\t\t<\/div>\n\t\t\t\t<\/div>\n\t\t\t\t<div class=\"elementor-element elementor-element-02e05c4 elementor-align-center elementor-widget elementor-widget-button\" data-id=\"02e05c4\" data-element_type=\"widget\" data-widget_type=\"button.default\">\n\t\t\t\t<div class=\"elementor-widget-container\">\n\t\t\t\t\t<div class=\"elementor-button-wrapper\">\n\t\t\t<a href=\"#\" class=\"elementor-button-link elementor-button elementor-size-sm\" role=\"button\">\n\t\t\t\t\t\t<span class=\"elementor-button-content-wrapper\">\n\t\t\t\t\t\t<span class=\"elementor-button-icon elementor-align-icon-left\">\n\t\t\t\t<i aria-hidden=\"true\" class=\"fas fa-envelope\"><\/i>\t\t\t<\/span>\n\t\t\t\t\t\t<span class=\"elementor-button-text\">Contact<\/span>\n\t\t<\/span>\n\t\t\t\t\t<\/a>\n\t\t<\/div>\n\t\t\t\t<\/div>\n\t\t\t\t<\/div>\n\t\t\t\t\t<\/div>\n\t\t<\/div>\n\t\t\t\t\t\t\t<\/div>\n\t\t<\/section>\n\t\t\t\t\t\t<\/div>\n\t\t\t\t\t<\/div>","protected":false},"excerpt":{"rendered":"<p>HOW IT WORKS? easy to useThe new CUBE S is extremely easy and highly intuitive to use. The CUBE S has just one button and requires no additional training. cost-effective CUBE S is lightweight and portable. It can be installed anywhere and it can disinfect any type of room up to 300 m3. The decontamination &#8230; <a title=\"Cum Functioneaza?\" class=\"read-more\" href=\"https:\/\/www.cubeatomizers.com\/ro\/how-it-works\/\" aria-label=\"More on How it works?\">Read more<\/a><\/p>","protected":false},"author":1,"featured_media":0,"parent":0,"menu_order":0,"comment_status":"closed","ping_status":"closed","template":"","meta":[],"_links":{"self":[{"href":"https:\/\/www.cubeatomizers.com\/ro\/wp-json\/wp\/v2\/pages\/400"}],"collection":[{"href":"https:\/\/www.cubeatomizers.com\/ro\/wp-json\/wp\/v2\/pages"}],"about":[{"href":"https:\/\/www.cubeatomizers.com\/ro\/wp-json\/wp\/v2\/types\/page"}],"author":[{"embeddable":true,"href":"https:\/\/www.cubeatomizers.com\/ro\/wp-json\/wp\/v2\/users\/1"}],"replies":[{"embeddable":true,"href":"https:\/\/www.cubeatomizers.com\/ro\/wp-json\/wp\/v2\/comments?post=400"}],"version-history":[{"count":31,"href":"https:\/\/www.cubeatomizers.com\/ro\/wp-json\/wp\/v2\/pages\/400\/revisions"}],"predecessor-version":[{"id":5901,"href":"https:\/\/www.cubeatomizers.com\/ro\/wp-json\/wp\/v2\/pages\/400\/revisions\/5901"}],"wp:attachment":[{"href":"https:\/\/www.cubeatomizers.com\/ro\/wp-json\/wp\/v2\/media?parent=400"}],"curies":[{"name":"wp","href":"https:\/\/api.w.org\/{rel}","templated":true}]}}