{"id":370,"date":"2020-12-08T03:20:05","date_gmt":"2020-12-08T03:20:05","guid":{"rendered":"https:\/\/www.cubeatomizers.com\/?page_id=370"},"modified":"2021-02-02T00:26:50","modified_gmt":"2021-02-02T00:26:50","slug":"about-us","status":"publish","type":"page","link":"https:\/\/www.cubeatomizers.com\/ro\/about-us\/","title":{"rendered":"Despre Noi"},"content":{"rendered":"<div data-elementor-type=\"wp-page\" data-elementor-id=\"370\" class=\"elementor elementor-370\" data-elementor-settings=\"[]\">\n\t\t\t\t\t\t\t<div class=\"elementor-section-wrap\">\n\t\t\t\t\t\t\t<section class=\"elementor-section elementor-top-section elementor-element elementor-element-462ed50 elementor-section-boxed elementor-section-height-default elementor-section-height-default\" data-id=\"462ed50\" data-element_type=\"section\" data-settings=\"{&quot;background_background&quot;:&quot;classic&quot;}\">\n\t\t\t\t\t\t<div class=\"elementor-container elementor-column-gap-default\">\n\t\t\t\t\t<div class=\"elementor-column elementor-col-50 elementor-top-column elementor-element elementor-element-4f9c71c\" data-id=\"4f9c71c\" data-element_type=\"column\">\n\t\t\t<div class=\"elementor-widget-wrap elementor-element-populated\">\n\t\t\t\t\t\t\t\t<div class=\"elementor-element elementor-element-8f1cd1b elementor-widget elementor-widget-image\" data-id=\"8f1cd1b\" data-element_type=\"widget\" data-widget_type=\"image.default\">\n\t\t\t\t<div class=\"elementor-widget-container\">\n\t\t\t\t\t<div class=\"elementor-image\">\n\t\t\t\t\t\t\t\t\t\t<img width=\"79\" height=\"79\" src=\"https:\/\/www.cubeatomizers.com\/wp-content\/uploads\/2020\/12\/our-cison1.png\" class=\"attachment-large size-large\" alt=\"\" decoding=\"async\" loading=\"lazy\" \/>\t\t\t\t\t\t\t\t\t\t\t<\/div>\n\t\t\t\t<\/div>\n\t\t\t\t<\/div>\n\t\t\t\t<div class=\"elementor-element elementor-element-59d3718 elementor-widget elementor-widget-text-editor\" data-id=\"59d3718\" data-element_type=\"widget\" data-widget_type=\"text-editor.default\">\n\t\t\t\t<div class=\"elementor-widget-container\">\n\t\t\t\t\t<div class=\"elementor-text-editor elementor-clearfix\">MISIUNEA NOASTR\u0102\n<\/div>\n\t\t\t\t<\/div>\n\t\t\t\t<\/div>\n\t\t\t\t<div class=\"elementor-element elementor-element-22b3450 elementor-widget elementor-widget-text-editor\" data-id=\"22b3450\" data-element_type=\"widget\" data-widget_type=\"text-editor.default\">\n\t\t\t\t<div class=\"elementor-widget-container\">\n\t\t\t\t\t<div class=\"elementor-text-editor elementor-clearfix\">La Cube Atomizers, rezolv\u0103m provoc\u0103ri din domeniul medical aplic\u00e2nd ingineria \u00een cele mai inovatoare moduri, pentru a concepe \u0219i construi echipament de decontaminare cu aplicabilitate \u00een spa\u021bii reziden\u021biale, comerciale \u0219i industriale.<\/div>\n\t\t\t\t<\/div>\n\t\t\t\t<\/div>\n\t\t\t\t\t<\/div>\n\t\t<\/div>\n\t\t\t\t<div class=\"elementor-column elementor-col-50 elementor-top-column elementor-element elementor-element-6aaee4c\" data-id=\"6aaee4c\" data-element_type=\"column\">\n\t\t\t<div class=\"elementor-widget-wrap elementor-element-populated\">\n\t\t\t\t\t\t\t\t<div class=\"elementor-element elementor-element-1675146 elementor-widget elementor-widget-image\" data-id=\"1675146\" data-element_type=\"widget\" data-widget_type=\"image.default\">\n\t\t\t\t<div class=\"elementor-widget-container\">\n\t\t\t\t\t<div class=\"elementor-image\">\n\t\t\t\t\t\t\t\t\t\t<img width=\"79\" height=\"79\" src=\"https:\/\/www.cubeatomizers.com\/wp-content\/uploads\/2020\/12\/our-cison.png\" class=\"attachment-large size-large\" alt=\"\" decoding=\"async\" loading=\"lazy\" \/>\t\t\t\t\t\t\t\t\t\t\t<\/div>\n\t\t\t\t<\/div>\n\t\t\t\t<\/div>\n\t\t\t\t<div class=\"elementor-element elementor-element-1d21e92 elementor-widget elementor-widget-text-editor\" data-id=\"1d21e92\" data-element_type=\"widget\" data-widget_type=\"text-editor.default\">\n\t\t\t\t<div class=\"elementor-widget-container\">\n\t\t\t\t\t<div class=\"elementor-text-editor elementor-clearfix\">VIZIUNEA NOASTR\u0102<\/div>\n\t\t\t\t<\/div>\n\t\t\t\t<\/div>\n\t\t\t\t<div class=\"elementor-element elementor-element-ebfb2be elementor-widget elementor-widget-text-editor\" data-id=\"ebfb2be\" data-element_type=\"widget\" data-widget_type=\"text-editor.default\">\n\t\t\t\t<div class=\"elementor-widget-container\">\n\t\t\t\t\t<div class=\"elementor-text-editor elementor-clearfix\"><p>S\u0103 dezvolt\u0103m pentru domeniul medical solu\u021bii simple, sigure \u0219i rentabile care pot schimba lumea<\/p><\/div>\n\t\t\t\t<\/div>\n\t\t\t\t<\/div>\n\t\t\t\t\t<\/div>\n\t\t<\/div>\n\t\t\t\t\t\t\t<\/div>\n\t\t<\/section>\n\t\t\t\t<section class=\"elementor-section elementor-top-section elementor-element elementor-element-728a726 elementor-section-full_width elementor-section-height-default elementor-section-height-default\" data-id=\"728a726\" data-element_type=\"section\">\n\t\t\t\t\t\t<div class=\"elementor-container elementor-column-gap-default\">\n\t\t\t\t\t<div class=\"elementor-column elementor-col-100 elementor-top-column elementor-element elementor-element-e9766a6\" data-id=\"e9766a6\" data-element_type=\"column\">\n\t\t\t<div class=\"elementor-widget-wrap elementor-element-populated\">\n\t\t\t\t\t\t\t\t<div class=\"elementor-element elementor-element-701fa5d elementor-widget elementor-widget-image\" data-id=\"701fa5d\" data-element_type=\"widget\" data-widget_type=\"image.default\">\n\t\t\t\t<div class=\"elementor-widget-container\">\n\t\t\t\t\t<div class=\"elementor-image\">\n\t\t\t\t\t\t\t\t\t\t<img width=\"1920\" height=\"230\" src=\"https:\/\/www.cubeatomizers.com\/wp-content\/uploads\/2020\/12\/border.png\" class=\"attachment-full size-full\" alt=\"\" decoding=\"async\" loading=\"lazy\" srcset=\"https:\/\/www.cubeatomizers.com\/wp-content\/uploads\/2020\/12\/border.png 1920w, https:\/\/www.cubeatomizers.com\/wp-content\/uploads\/2020\/12\/border-300x36.png 300w, https:\/\/www.cubeatomizers.com\/wp-content\/uploads\/2020\/12\/border-1024x123.png 1024w, https:\/\/www.cubeatomizers.com\/wp-content\/uploads\/2020\/12\/border-768x92.png 768w, https:\/\/www.cubeatomizers.com\/wp-content\/uploads\/2020\/12\/border-1536x184.png 1536w, https:\/\/www.cubeatomizers.com\/wp-content\/uploads\/2020\/12\/border-600x72.png 600w\" sizes=\"(max-width: 1920px) 100vw, 1920px\" \/>\t\t\t\t\t\t\t\t\t\t\t<\/div>\n\t\t\t\t<\/div>\n\t\t\t\t<\/div>\n\t\t\t\t\t<\/div>\n\t\t<\/div>\n\t\t\t\t\t\t\t<\/div>\n\t\t<\/section>\n\t\t\t\t<section class=\"elementor-section elementor-top-section elementor-element elementor-element-69f0647 elementor-section-boxed elementor-section-height-default elementor-section-height-default\" data-id=\"69f0647\" data-element_type=\"section\">\n\t\t\t\t\t\t<div class=\"elementor-container elementor-column-gap-default\">\n\t\t\t\t\t<div class=\"elementor-column elementor-col-100 elementor-top-column elementor-element elementor-element-4f96db7\" data-id=\"4f96db7\" data-element_type=\"column\">\n\t\t\t<div class=\"elementor-widget-wrap elementor-element-populated\">\n\t\t\t\t\t\t\t\t<div class=\"elementor-element elementor-element-a246330 elementor-widget elementor-widget-text-editor\" data-id=\"a246330\" data-element_type=\"widget\" data-widget_type=\"text-editor.default\">\n\t\t\t\t<div class=\"elementor-widget-container\">\n\t\t\t\t\t<div class=\"elementor-text-editor elementor-clearfix\">DESPRE NOI<\/div>\n\t\t\t\t<\/div>\n\t\t\t\t<\/div>\n\t\t\t\t<div class=\"elementor-element elementor-element-dadcbbd elementor-widget elementor-widget-text-editor\" data-id=\"dadcbbd\" data-element_type=\"widget\" data-widget_type=\"text-editor.default\">\n\t\t\t\t<div class=\"elementor-widget-container\">\n\t\t\t\t\t<div class=\"elementor-text-editor elementor-clearfix\"><p>Am conceput Cube Atomizers ca un r\u0103spuns simplu, eficient \u0219i rentabil la nevoia tot mai mare pentru solu\u021bii de decontaminare \u0219i dezinfec\u021bie care ar putea proteja familii, ar \u021bine afacerile deschise \u0219i ar reduce expunerea la patogeni letali f\u0103r\u0103 a compromite s\u0103n\u0103tatea \u0219i siguran\u021ba oamenilor.<\/p><p>\u00a0<\/p><p>Suntem o echip\u0103 compus\u0103 din tineri inovatori cu mult\u0103 energie, cre\u0103m noi produse \u0219i servicii \u0219i le \u00eembun\u0103t\u0103\u021bim constant pe cele existente pentru a livra calitate \u00een cele mai eficiente modalit\u0103\u021bi. Liniile curente de produc\u021bie includ o varietate de nebulizatoare de dezinfec\u021bie \u0219i l\u0103mpi UV-C de diferite dimensiuni, concepute pentru a satisface nevoile consumatorilor din punctul de vedere al dimensiunii, capacit\u0103\u021bii \u0219i cerin\u021belor unice.<\/p><p>\u00a0<\/p><p class=\" translation-block\">Din perspectiva unei companii angajate s\u0103 asigure flexibilitate, cre\u0219tere \u0219i inova\u021bie, punem nevoile clien\u021bilor deasupra oric\u0103rui alt lucru. Evalu\u0103m nevoile prezente \u0219i le anticip\u0103m pe cele viitoare pentru a dezvolta produse care s\u0103 fie utile un timp \u00eendelungat.<\/p><p>Scopul nostru este ca siguran\u021ba oamenilor s\u0103 nu fie l\u0103sat\u0103 \u00een voia sor\u021bii. Cu ajutorul produselor noastre sper\u0103m s\u0103 aducem confort \u0219i s\u0103n\u0103tate tuturor persoanelor, indiferent cine sunt acestea \u0219i unde se afl\u0103 \u00een lume.<\/p><\/div>\n\t\t\t\t<\/div>\n\t\t\t\t<\/div>\n\t\t\t\t<div class=\"elementor-element elementor-element-ce83f67 elementor-widget elementor-widget-text-editor\" data-id=\"ce83f67\" data-element_type=\"widget\" data-widget_type=\"text-editor.default\">\n\t\t\t\t<div class=\"elementor-widget-container\">\n\t\t\t\t\t<div class=\"elementor-text-editor elementor-clearfix\">OBIECTIVELE NOASTRE STRATEGICE\n<\/div>\n\t\t\t\t<\/div>\n\t\t\t\t<\/div>\n\t\t\t\t\t<\/div>\n\t\t<\/div>\n\t\t\t\t\t\t\t<\/div>\n\t\t<\/section>\n\t\t\t\t<section class=\"elementor-section elementor-top-section elementor-element elementor-element-bca0945 elementor-section-boxed elementor-section-height-default elementor-section-height-default\" data-id=\"bca0945\" data-element_type=\"section\">\n\t\t\t\t\t\t<div class=\"elementor-container elementor-column-gap-default\">\n\t\t\t\t\t<div class=\"elementor-column elementor-col-33 elementor-top-column elementor-element elementor-element-85ba18c\" data-id=\"85ba18c\" data-element_type=\"column\">\n\t\t\t<div class=\"elementor-widget-wrap elementor-element-populated\">\n\t\t\t\t\t\t\t\t<div class=\"elementor-element elementor-element-9f3100c elementor-widget elementor-widget-image\" data-id=\"9f3100c\" data-element_type=\"widget\" data-widget_type=\"image.default\">\n\t\t\t\t<div class=\"elementor-widget-container\">\n\t\t\t\t\t<div class=\"elementor-image\">\n\t\t\t\t\t\t\t\t\t\t<img width=\"317\" height=\"317\" src=\"https:\/\/www.cubeatomizers.com\/wp-content\/uploads\/2020\/12\/vc-01-1.png\" class=\"attachment-large size-large\" alt=\"\" decoding=\"async\" loading=\"lazy\" srcset=\"https:\/\/www.cubeatomizers.com\/wp-content\/uploads\/2020\/12\/vc-01-1.png 317w, https:\/\/www.cubeatomizers.com\/wp-content\/uploads\/2020\/12\/vc-01-1-300x300.png 300w, https:\/\/www.cubeatomizers.com\/wp-content\/uploads\/2020\/12\/vc-01-1-150x150.png 150w, https:\/\/www.cubeatomizers.com\/wp-content\/uploads\/2020\/12\/vc-01-1-100x100.png 100w\" sizes=\"(max-width: 317px) 100vw, 317px\" \/>\t\t\t\t\t\t\t\t\t\t\t<\/div>\n\t\t\t\t<\/div>\n\t\t\t\t<\/div>\n\t\t\t\t<div class=\"elementor-element elementor-element-041c5c2 elementor-widget elementor-widget-text-editor\" data-id=\"041c5c2\" data-element_type=\"widget\" data-widget_type=\"text-editor.default\">\n\t\t\t\t<div class=\"elementor-widget-container\">\n\t\t\t\t\t<div class=\"elementor-text-editor elementor-clearfix\">SIMPLITATE<\/div>\n\t\t\t\t<\/div>\n\t\t\t\t<\/div>\n\t\t\t\t<div class=\"elementor-element elementor-element-b2d5f82 elementor-widget elementor-widget-text-editor\" data-id=\"b2d5f82\" data-element_type=\"widget\" data-widget_type=\"text-editor.default\">\n\t\t\t\t<div class=\"elementor-widget-container\">\n\t\t\t\t\t<div class=\"elementor-text-editor elementor-clearfix\">Construim cu simplitate \u0219i flexibilitate. Pe de o parte, ne dorim ca produsele noastre s\u0103 livreze rezultate ie\u0219ite din comun, dar, \u00een acela\u0219i timp, le facem simplu de \u00een\u021beles, folosit \u0219i aplicat \u2013 f\u0103r\u0103 detalii abundente \u0219i func\u021bii complexe.<\/div>\n\t\t\t\t<\/div>\n\t\t\t\t<\/div>\n\t\t\t\t\t<\/div>\n\t\t<\/div>\n\t\t\t\t<div class=\"elementor-column elementor-col-33 elementor-top-column elementor-element elementor-element-2a900a2\" data-id=\"2a900a2\" data-element_type=\"column\">\n\t\t\t<div class=\"elementor-widget-wrap elementor-element-populated\">\n\t\t\t\t\t\t\t\t<div class=\"elementor-element elementor-element-1875a3e elementor-widget elementor-widget-image\" data-id=\"1875a3e\" data-element_type=\"widget\" data-widget_type=\"image.default\">\n\t\t\t\t<div class=\"elementor-widget-container\">\n\t\t\t\t\t<div class=\"elementor-image\">\n\t\t\t\t\t\t\t\t\t\t<img width=\"317\" height=\"317\" src=\"https:\/\/www.cubeatomizers.com\/wp-content\/uploads\/2020\/12\/vc-022.png\" class=\"attachment-large size-large\" alt=\"\" decoding=\"async\" loading=\"lazy\" srcset=\"https:\/\/www.cubeatomizers.com\/wp-content\/uploads\/2020\/12\/vc-022.png 317w, https:\/\/www.cubeatomizers.com\/wp-content\/uploads\/2020\/12\/vc-022-300x300.png 300w, https:\/\/www.cubeatomizers.com\/wp-content\/uploads\/2020\/12\/vc-022-150x150.png 150w, https:\/\/www.cubeatomizers.com\/wp-content\/uploads\/2020\/12\/vc-022-100x100.png 100w\" sizes=\"(max-width: 317px) 100vw, 317px\" \/>\t\t\t\t\t\t\t\t\t\t\t<\/div>\n\t\t\t\t<\/div>\n\t\t\t\t<\/div>\n\t\t\t\t<div class=\"elementor-element elementor-element-81413b4 elementor-widget elementor-widget-text-editor\" data-id=\"81413b4\" data-element_type=\"widget\" data-widget_type=\"text-editor.default\">\n\t\t\t\t<div class=\"elementor-widget-container\">\n\t\t\t\t\t<div class=\"elementor-text-editor elementor-clearfix\">INOVA\u021aIE CONTINU\u0102\n<\/div>\n\t\t\t\t<\/div>\n\t\t\t\t<\/div>\n\t\t\t\t<div class=\"elementor-element elementor-element-47d6802 elementor-widget elementor-widget-text-editor\" data-id=\"47d6802\" data-element_type=\"widget\" data-widget_type=\"text-editor.default\">\n\t\t\t\t<div class=\"elementor-widget-container\">\n\t\t\t\t\t<div class=\"elementor-text-editor elementor-clearfix\">Perfec\u021bion\u0103m \u00een mod constant produsele, procesele, tehnologia \u0219i solu\u021biile pentru a \u00eembun\u0103t\u0103\u021bi calitatea vie\u021bii \u00een c\u00e2t mai multe comunit\u0103\u021bi \u0219i companii.<\/div>\n\t\t\t\t<\/div>\n\t\t\t\t<\/div>\n\t\t\t\t<div class=\"elementor-element elementor-element-8e6316f elementor-widget elementor-widget-image\" data-id=\"8e6316f\" data-element_type=\"widget\" data-widget_type=\"image.default\">\n\t\t\t\t<div class=\"elementor-widget-container\">\n\t\t\t\t\t<div class=\"elementor-image\">\n\t\t\t\t\t\t\t\t\t\t<img width=\"317\" height=\"317\" src=\"https:\/\/www.cubeatomizers.com\/wp-content\/uploads\/2020\/12\/vc-033.png\" class=\"attachment-large size-large\" alt=\"\" decoding=\"async\" loading=\"lazy\" srcset=\"https:\/\/www.cubeatomizers.com\/wp-content\/uploads\/2020\/12\/vc-033.png 317w, https:\/\/www.cubeatomizers.com\/wp-content\/uploads\/2020\/12\/vc-033-300x300.png 300w, https:\/\/www.cubeatomizers.com\/wp-content\/uploads\/2020\/12\/vc-033-150x150.png 150w, https:\/\/www.cubeatomizers.com\/wp-content\/uploads\/2020\/12\/vc-033-100x100.png 100w\" sizes=\"(max-width: 317px) 100vw, 317px\" \/>\t\t\t\t\t\t\t\t\t\t\t<\/div>\n\t\t\t\t<\/div>\n\t\t\t\t<\/div>\n\t\t\t\t<div class=\"elementor-element elementor-element-c1b4c33 elementor-widget elementor-widget-text-editor\" data-id=\"c1b4c33\" data-element_type=\"widget\" data-widget_type=\"text-editor.default\">\n\t\t\t\t<div class=\"elementor-widget-container\">\n\t\t\t\t\t<div class=\"elementor-text-editor elementor-clearfix\">CALITATE<\/div>\n\t\t\t\t<\/div>\n\t\t\t\t<\/div>\n\t\t\t\t<div class=\"elementor-element elementor-element-1595871 elementor-widget elementor-widget-text-editor\" data-id=\"1595871\" data-element_type=\"widget\" data-widget_type=\"text-editor.default\">\n\t\t\t\t<div class=\"elementor-widget-container\">\n\t\t\t\t\t<div class=\"elementor-text-editor elementor-clearfix\">Investim mult \u00een dezvoltarea produselor \u0219i perfec\u021bionarea proceselor pentru a ne asigura c\u0103 produselor finale nu le lipse\u0219te nimic din punctul de vedere al designului, calit\u0103\u021bii, func\u021bionalit\u0103\u021bii \u0219i utilit\u0103\u021bii.<\/div>\n\t\t\t\t<\/div>\n\t\t\t\t<\/div>\n\t\t\t\t\t<\/div>\n\t\t<\/div>\n\t\t\t\t<div class=\"elementor-column elementor-col-33 elementor-top-column elementor-element elementor-element-c14e52d\" data-id=\"c14e52d\" data-element_type=\"column\">\n\t\t\t<div class=\"elementor-widget-wrap elementor-element-populated\">\n\t\t\t\t\t\t\t\t<div class=\"elementor-element elementor-element-0938860 elementor-widget elementor-widget-image\" data-id=\"0938860\" data-element_type=\"widget\" data-widget_type=\"image.default\">\n\t\t\t\t<div class=\"elementor-widget-container\">\n\t\t\t\t\t<div class=\"elementor-image\">\n\t\t\t\t\t\t\t\t\t\t<img width=\"317\" height=\"317\" src=\"https:\/\/www.cubeatomizers.com\/wp-content\/uploads\/2020\/12\/vc-044.png\" class=\"attachment-large size-large\" alt=\"\" decoding=\"async\" loading=\"lazy\" srcset=\"https:\/\/www.cubeatomizers.com\/wp-content\/uploads\/2020\/12\/vc-044.png 317w, https:\/\/www.cubeatomizers.com\/wp-content\/uploads\/2020\/12\/vc-044-300x300.png 300w, https:\/\/www.cubeatomizers.com\/wp-content\/uploads\/2020\/12\/vc-044-150x150.png 150w, https:\/\/www.cubeatomizers.com\/wp-content\/uploads\/2020\/12\/vc-044-100x100.png 100w\" sizes=\"(max-width: 317px) 100vw, 317px\" \/>\t\t\t\t\t\t\t\t\t\t\t<\/div>\n\t\t\t\t<\/div>\n\t\t\t\t<\/div>\n\t\t\t\t<div class=\"elementor-element elementor-element-f82f1e2 elementor-widget elementor-widget-text-editor\" data-id=\"f82f1e2\" data-element_type=\"widget\" data-widget_type=\"text-editor.default\">\n\t\t\t\t<div class=\"elementor-widget-container\">\n\t\t\t\t\t<div class=\"elementor-text-editor elementor-clearfix\">PRODUCT AND SERVICE EXCELLENCE<\/div>\n\t\t\t\t<\/div>\n\t\t\t\t<\/div>\n\t\t\t\t<div class=\"elementor-element elementor-element-dd6bdbc elementor-widget elementor-widget-text-editor\" data-id=\"dd6bdbc\" data-element_type=\"widget\" data-widget_type=\"text-editor.default\">\n\t\t\t\t<div class=\"elementor-widget-container\">\n\t\t\t\t\t<div class=\"elementor-text-editor elementor-clearfix\">Ne-am stabilit standarde extrem de ridicate, deoarece credem c\u0103 primordial\u0103 este calitatea pentru consolidarea \u00eencrederii clien\u021bilor. Ne str\u0103duim s\u0103 facem ca fiecare achizi\u021bie s\u0103 fie perfect\u0103, valoroas\u0103 \u0219i profitabil\u0103 pentru fiecare client.<\/div>\n\t\t\t\t<\/div>\n\t\t\t\t<\/div>\n\t\t\t\t\t<\/div>\n\t\t<\/div>\n\t\t\t\t\t\t\t<\/div>\n\t\t<\/section>\n\t\t\t\t<section class=\"elementor-section elementor-top-section elementor-element elementor-element-f654ff6 elementor-section-boxed elementor-section-height-default elementor-section-height-default\" data-id=\"f654ff6\" data-element_type=\"section\">\n\t\t\t\t\t\t<div class=\"elementor-container elementor-column-gap-default\">\n\t\t\t\t\t<div class=\"elementor-column elementor-col-100 elementor-top-column elementor-element elementor-element-43beb99\" data-id=\"43beb99\" data-element_type=\"column\">\n\t\t\t<div class=\"elementor-widget-wrap elementor-element-populated\">\n\t\t\t\t\t\t\t\t<div class=\"elementor-element elementor-element-3b31bb2 elementor-widget elementor-widget-text-editor\" data-id=\"3b31bb2\" data-element_type=\"widget\" data-widget_type=\"text-editor.default\">\n\t\t\t\t<div class=\"elementor-widget-container\">\n\t\t\t\t\t<div class=\"elementor-text-editor elementor-clearfix\">OBIECTIVELE NOASTRE STRATEGICE\n<\/div>\n\t\t\t\t<\/div>\n\t\t\t\t<\/div>\n\t\t\t\t\t<\/div>\n\t\t<\/div>\n\t\t\t\t\t\t\t<\/div>\n\t\t<\/section>\n\t\t\t\t<section class=\"elementor-section elementor-top-section elementor-element elementor-element-2db2858 elementor-section-boxed elementor-section-height-default elementor-section-height-default\" data-id=\"2db2858\" data-element_type=\"section\">\n\t\t\t\t\t\t<div class=\"elementor-container elementor-column-gap-default\">\n\t\t\t\t\t<div class=\"elementor-column elementor-col-50 elementor-top-column elementor-element elementor-element-a4e5564\" data-id=\"a4e5564\" data-element_type=\"column\">\n\t\t\t<div class=\"elementor-widget-wrap elementor-element-populated\">\n\t\t\t\t\t\t\t\t<div class=\"elementor-element elementor-element-9ae9e90 elementor-widget elementor-widget-image\" data-id=\"9ae9e90\" data-element_type=\"widget\" data-widget_type=\"image.default\">\n\t\t\t\t<div class=\"elementor-widget-container\">\n\t\t\t\t\t<div class=\"elementor-image\">\n\t\t\t\t\t\t\t\t\t\t<img width=\"528\" height=\"560\" src=\"https:\/\/www.cubeatomizers.com\/wp-content\/uploads\/2020\/12\/about-ingggg.jpg\" class=\"attachment-large size-large\" alt=\"\" decoding=\"async\" loading=\"lazy\" srcset=\"https:\/\/www.cubeatomizers.com\/wp-content\/uploads\/2020\/12\/about-ingggg.jpg 528w, https:\/\/www.cubeatomizers.com\/wp-content\/uploads\/2020\/12\/about-ingggg-283x300.jpg 283w\" sizes=\"(max-width: 528px) 100vw, 528px\" \/>\t\t\t\t\t\t\t\t\t\t\t<\/div>\n\t\t\t\t<\/div>\n\t\t\t\t<\/div>\n\t\t\t\t\t<\/div>\n\t\t<\/div>\n\t\t\t\t<div class=\"elementor-column elementor-col-50 elementor-top-column elementor-element elementor-element-bb65766\" data-id=\"bb65766\" data-element_type=\"column\">\n\t\t\t<div class=\"elementor-widget-wrap elementor-element-populated\">\n\t\t\t\t\t\t\t\t<div class=\"elementor-element elementor-element-cdbf30a elementor-widget elementor-widget-text-editor\" data-id=\"cdbf30a\" data-element_type=\"widget\" data-widget_type=\"text-editor.default\">\n\t\t\t\t<div class=\"elementor-widget-container\">\n\t\t\t\t\t<div class=\"elementor-text-editor elementor-clearfix\"><p>1. To develop scalable decontaminating and disinfecting solutions and increase accessibility to quality healthcare for more businesses and communities.<\/p><p>\u00a0<\/p><p>\u00a0<\/p><p>2. To reconfigure engineering for healthcare uses and continuously create smarter, safer and better healthcare equipment and products that can be scaled for future functionality.<\/p><p>\u00a0<\/p><p>\u00a0<\/p><p>3. To improve quality of life for people all over the world.<\/p><p>\u00a0<\/p><p>\u00a0<\/p><\/div>\n\t\t\t\t<\/div>\n\t\t\t\t<\/div>\n\t\t\t\t<section class=\"elementor-section elementor-inner-section elementor-element elementor-element-5650545 elementor-section-boxed elementor-section-height-default elementor-section-height-default\" data-id=\"5650545\" data-element_type=\"section\">\n\t\t\t\t\t\t<div class=\"elementor-container elementor-column-gap-default\">\n\t\t\t\t\t<div class=\"elementor-column elementor-col-50 elementor-inner-column elementor-element elementor-element-13ca57a\" data-id=\"13ca57a\" data-element_type=\"column\">\n\t\t\t<div class=\"elementor-widget-wrap elementor-element-populated\">\n\t\t\t\t\t\t\t\t<div class=\"elementor-element elementor-element-53ad61d elementor-widget elementor-widget-text-editor\" data-id=\"53ad61d\" data-element_type=\"widget\" data-widget_type=\"text-editor.default\">\n\t\t\t\t<div class=\"elementor-widget-container\">\n\t\t\t\t\t<div class=\"elementor-text-editor elementor-clearfix\">Cube Atomizers\u00ae este o<br\/>\nmarca inregistrata BND CONS<br\/>\nparte a<\/div>\n\t\t\t\t<\/div>\n\t\t\t\t<\/div>\n\t\t\t\t\t<\/div>\n\t\t<\/div>\n\t\t\t\t<div class=\"elementor-column elementor-col-50 elementor-inner-column elementor-element elementor-element-cd2fd9c\" data-id=\"cd2fd9c\" data-element_type=\"column\">\n\t\t\t<div class=\"elementor-widget-wrap elementor-element-populated\">\n\t\t\t\t\t\t\t\t<div class=\"elementor-element elementor-element-398a79e elementor-widget elementor-widget-image\" data-id=\"398a79e\" data-element_type=\"widget\" data-widget_type=\"image.default\">\n\t\t\t\t<div class=\"elementor-widget-container\">\n\t\t\t\t\t<div class=\"elementor-image\">\n\t\t\t\t\t\t\t\t\t\t<img width=\"111\" height=\"111\" src=\"https:\/\/www.cubeatomizers.com\/wp-content\/uploads\/2020\/12\/logo_dark.png\" class=\"attachment-large size-large\" alt=\"\" decoding=\"async\" loading=\"lazy\" srcset=\"https:\/\/www.cubeatomizers.com\/wp-content\/uploads\/2020\/12\/logo_dark.png 111w, https:\/\/www.cubeatomizers.com\/wp-content\/uploads\/2020\/12\/logo_dark-100x100.png 100w\" sizes=\"(max-width: 111px) 100vw, 111px\" \/>\t\t\t\t\t\t\t\t\t\t\t<\/div>\n\t\t\t\t<\/div>\n\t\t\t\t<\/div>\n\t\t\t\t\t<\/div>\n\t\t<\/div>\n\t\t\t\t\t\t\t<\/div>\n\t\t<\/section>\n\t\t\t\t\t<\/div>\n\t\t<\/div>\n\t\t\t\t\t\t\t<\/div>\n\t\t<\/section>\n\t\t\t\t\t\t<\/div>\n\t\t\t\t\t<\/div>","protected":false},"excerpt":{"rendered":"<p>OUR MISSION At Cube Atomizers, we solve healthcare challenges by applying engineering in the most innovative ways to design and build decontaminating equipment for residential, commercial, and industrial uses. OUR VISION To develop simple, safe, and cost-effective engineering-based healthcare solutions that can change the world. ABOUT US We established Cube Atomizers as a simple, effective, &#8230; <a title=\"Despre Noi\" class=\"read-more\" href=\"https:\/\/www.cubeatomizers.com\/ro\/about-us\/\" aria-label=\"More on About Us\">Read more<\/a><\/p>","protected":false},"author":1,"featured_media":0,"parent":0,"menu_order":0,"comment_status":"closed","ping_status":"closed","template":"","meta":[],"_links":{"self":[{"href":"https:\/\/www.cubeatomizers.com\/ro\/wp-json\/wp\/v2\/pages\/370"}],"collection":[{"href":"https:\/\/www.cubeatomizers.com\/ro\/wp-json\/wp\/v2\/pages"}],"about":[{"href":"https:\/\/www.cubeatomizers.com\/ro\/wp-json\/wp\/v2\/types\/page"}],"author":[{"embeddable":true,"href":"https:\/\/www.cubeatomizers.com\/ro\/wp-json\/wp\/v2\/users\/1"}],"replies":[{"embeddable":true,"href":"https:\/\/www.cubeatomizers.com\/ro\/wp-json\/wp\/v2\/comments?post=370"}],"version-history":[{"count":19,"href":"https:\/\/www.cubeatomizers.com\/ro\/wp-json\/wp\/v2\/pages\/370\/revisions"}],"predecessor-version":[{"id":5816,"href":"https:\/\/www.cubeatomizers.com\/ro\/wp-json\/wp\/v2\/pages\/370\/revisions\/5816"}],"wp:attachment":[{"href":"https:\/\/www.cubeatomizers.com\/ro\/wp-json\/wp\/v2\/media?parent=370"}],"curies":[{"name":"wp","href":"https:\/\/api.w.org\/{rel}","templated":true}]}}